{"id":88,"date":"2019-08-13T17:09:37","date_gmt":"2019-08-13T15:09:37","guid":{"rendered":"http:\/\/p4s.polsl.pl\/?page_id=88"},"modified":"2022-12-18T08:22:07","modified_gmt":"2022-12-18T07:22:07","slug":"dokumenty","status":"publish","type":"page","link":"https:\/\/p4s.polsl.pl\/?page_id=88","title":{"rendered":"Dokumenty"},"content":{"rendered":"\n<figure class=\"wp-block-image\"><img decoding=\"async\" loading=\"lazy\" width=\"1024\" height=\"188\" src=\"http:\/\/p4s.polsl.pl\/wp-content\/uploads\/2019\/08\/image-12-1024x188.png\" alt=\"\" class=\"wp-image-261\" srcset=\"https:\/\/p4s.polsl.pl\/wp-content\/uploads\/2019\/08\/image-12-1024x188.png 1024w, https:\/\/p4s.polsl.pl\/wp-content\/uploads\/2019\/08\/image-12-400x74.png 400w, https:\/\/p4s.polsl.pl\/wp-content\/uploads\/2019\/08\/image-12-768x141.png 768w, https:\/\/p4s.polsl.pl\/wp-content\/uploads\/2019\/08\/image-12.png 1121w\" sizes=\"(max-width: 1024px) 100vw, 1024px\" \/><\/figure>\n\n\n\n<p><\/p>\n<h1><strong><span style=\"color: #ff6600;\">Dokumenty do pobrania dla student\u00f3w\u00a0<\/span><\/strong><\/h1>\n<p> <\/p>\n<div class=\"wp-block-file\"><a href=\"http:\/\/p4s.polsl.pl\/wp-content\/uploads\/2020\/11\/Zal-nr-1a-Formularz-zgloszeniowy-studenta.docx\">1_Formularz-zgloszeniowy-studenta<\/a><a class=\"wp-block-file__button\" href=\"http:\/\/p4s.polsl.pl\/wp-content\/uploads\/2020\/11\/Zal-nr-1a-Formularz-zgloszeniowy-studenta.docx\" download=\"\">Pobierz<\/a><\/div>\n<p> <\/p>\n<div class=\"wp-block-file\"><a href=\"http:\/\/p4s.polsl.pl\/wp-content\/uploads\/2020\/11\/Zal-nr-5-Deklaracja-uczestnictwa.docx\">2_Deklaracja-uczestnictwa<\/a><a class=\"wp-block-file__button\" href=\"http:\/\/p4s.polsl.pl\/wp-content\/uploads\/2020\/11\/Zal-nr-5-Deklaracja-uczestnictwa.docx\" download=\"\">Pobierz<\/a><\/div>\n<p> <\/p>\n<div class=\"wp-block-file\"><a href=\"http:\/\/p4s.polsl.pl\/wp-content\/uploads\/2020\/11\/Zal-nr-6-do-Reg_Proj_Formularz-monitorowania-uczestnictwa.docx\"> 3_Formularz-monitorowania-studenta <\/a><a class=\"wp-block-file__button\" href=\"http:\/\/p4s.polsl.pl\/wp-content\/uploads\/2020\/11\/Zal-nr-6-do-Reg_Proj_Formularz-monitorowania-uczestnictwa.docx\" download=\"\">Pobierz<\/a><\/div>\n<p> <\/p>\n<div class=\"wp-block-file\"><a href=\"http:\/\/p4s.polsl.pl\/wp-content\/uploads\/2020\/11\/Zal-nr-7-Oswiadczenie-uczestnika-projektu.docx\">4_Oswiadczenie-uczestnika-projektu<\/a><a class=\"wp-block-file__button\" href=\"http:\/\/p4s.polsl.pl\/wp-content\/uploads\/2020\/11\/Zal-nr-7-Oswiadczenie-uczestnika-projektu.docx\" download=\"\">Pobierz<\/a><\/div>\n<p> <\/p>\n<div class=\"wp-block-file\"><a href=\"https:\/\/p4s.polsl.pl\/wp-content\/uploads\/2022\/12\/Umowa-uczestnictwa-w-projekcie.pdf\">5. Umowa-uczestnictwa-w-projekcie<\/a><a class=\"wp-block-file__button\" href=\"https:\/\/p4s.polsl.pl\/wp-content\/uploads\/2022\/12\/Umowa-uczestnictwa-w-projekcie.pdf\" download=\"\">Pobierz<\/a><\/div>\n<p> <\/p>\n<p style=\"text-align: justify;\"><strong><span style=\"color: #ff6600;\">UWAGA!<\/span> <span style=\"color: #000000;\">Umow\u0119 nale\u017cy wydrukowa\u0107 i podpisa\u0107 w<\/span> <span style=\"color: #ff6600;\">dw\u00f3ch<\/span> <span style=\"color: #000000;\">egzemplarzach<\/span><\/strong><span style=\"color: #000000;\">.<\/span><\/p>\n<p> <\/p>\n<div class=\"wp-block-file\"><a href=\"http:\/\/p4s.polsl.pl\/wp-content\/uploads\/2020\/11\/Zal-nr-1a-Zaswiadczenie-o-byciu-studentem.docx\">6_Zaswiadczenie-o-byciu-studentem<\/a><a class=\"wp-block-file__button\" href=\"http:\/\/p4s.polsl.pl\/wp-content\/uploads\/2020\/11\/Zal-nr-1a-Zaswiadczenie-o-byciu-studentem.docx\" download=\"\">Pobierz<\/a><\/div>\n<p> <\/p>\n<p style=\"text-align: justify;\"><span style=\"color: #ff6600;\"><strong>Uwaga!<\/strong> <\/span><span style=\"color: #000000;\">Dokumenty powinny by dostarczone do Biura Projektu w orygina\u0142ach osobi\u015bcie lub za pomoc\u0105 poczty wewn\u0119trznej lub poczty tradycyjnej.<\/span><\/p>\n<p><\/p>\n\n\n\n<h1>\u00a0<\/h1>\n<h1><span style=\"color: #ff6600;\"><strong>Dokumenty do\u00a0pobrania dla uczestnik\u00f3w sta\u017cu<\/strong><\/span><\/h1>\n\n\n\n<div class=\"wp-block-file\"><a href=\"http:\/\/p4s.polsl.pl\/wp-content\/uploads\/2019\/10\/FORMULARZ-REKRUTACYJNY.docx\">Formularz-rekrutacyjny<\/a><a href=\"http:\/\/p4s.polsl.pl\/wp-content\/uploads\/2019\/10\/FORMULARZ-REKRUTACYJNY.docx\" class=\"wp-block-file__button\" download>Pobierz<\/a><\/div>\n\n\n\n<div class=\"wp-block-file\"><a href=\"http:\/\/p4s.polsl.pl\/wp-content\/uploads\/2019\/10\/Formularz-zg\u0142oszeniowy-Pracodawcy.docx\">Formularz-zg\u0142oszeniowy-Pracodawcy<\/a><a href=\"http:\/\/p4s.polsl.pl\/wp-content\/uploads\/2019\/10\/Formularz-zg\u0142oszeniowy-Pracodawcy.docx\" class=\"wp-block-file__button\" download>Pobierz<\/a><\/div>\n\n\n\n<div class=\"wp-block-file\"><a href=\"http:\/\/p4s.polsl.pl\/wp-content\/uploads\/2019\/10\/Lista-obecno\u015bci.docx\">Lista-obecno\u015bci<\/a><a href=\"http:\/\/p4s.polsl.pl\/wp-content\/uploads\/2019\/10\/Lista-obecno\u015bci.docx\" class=\"wp-block-file__button\" download>Pobierz<\/a><\/div>\n\n\n\n<div class=\"wp-block-file\"><a href=\"http:\/\/p4s.polsl.pl\/wp-content\/uploads\/2019\/10\/o\u015bwiadczenie-o-zatrudnieniu.docx\">O\u015bwiadczenie-o-zatrudnieniu<\/a><a href=\"http:\/\/p4s.polsl.pl\/wp-content\/uploads\/2019\/10\/o\u015bwiadczenie-o-zatrudnieniu.docx\" class=\"wp-block-file__button\" download>Pobierz<\/a><\/div>\n\n\n\n<div class=\"wp-block-file\"><a href=\"http:\/\/p4s.polsl.pl\/wp-content\/uploads\/2019\/10\/Regulamin-sta\u017cu.docx\">Regulamin-sta\u017cu<\/a><a href=\"http:\/\/p4s.polsl.pl\/wp-content\/uploads\/2019\/10\/Regulamin-sta\u017cu.docx\" class=\"wp-block-file__button\" download>Pobierz<\/a><\/div>\n\n\n\n<div class=\"wp-block-file\"><a href=\"http:\/\/p4s.polsl.pl\/wp-content\/uploads\/2019\/10\/Sprawozdanie.docx\">Sprawozdanie<\/a><a href=\"http:\/\/p4s.polsl.pl\/wp-content\/uploads\/2019\/10\/Sprawozdanie.docx\" class=\"wp-block-file__button\" download>Pobierz<\/a><\/div>\n\n\n\n<div class=\"wp-block-file\"><a href=\"http:\/\/p4s.polsl.pl\/wp-content\/uploads\/2019\/10\/Umowa-120h.docx\">Umowa-120h<\/a><a href=\"http:\/\/p4s.polsl.pl\/wp-content\/uploads\/2019\/10\/Umowa-120h.docx\" class=\"wp-block-file__button\" download>Pobierz<\/a><\/div>\n\n\n\n<div class=\"wp-block-file\"><a href=\"http:\/\/p4s.polsl.pl\/wp-content\/uploads\/2019\/10\/Za\u015bwiadczenie.docx\">Za\u015bwiadczenie<\/a><a href=\"http:\/\/p4s.polsl.pl\/wp-content\/uploads\/2019\/10\/Za\u015bwiadczenie.docx\" class=\"wp-block-file__button\" download>Pobierz<\/a><\/div>\n","protected":false},"excerpt":{"rendered":"<p>\u00a0 Dokumenty do\u00a0pobrania dla uczestnik\u00f3w sta\u017cu<\/p>\n","protected":false},"author":1,"featured_media":0,"parent":0,"menu_order":0,"comment_status":"closed","ping_status":"closed","template":"","meta":[],"_links":{"self":[{"href":"https:\/\/p4s.polsl.pl\/index.php?rest_route=\/wp\/v2\/pages\/88"}],"collection":[{"href":"https:\/\/p4s.polsl.pl\/index.php?rest_route=\/wp\/v2\/pages"}],"about":[{"href":"https:\/\/p4s.polsl.pl\/index.php?rest_route=\/wp\/v2\/types\/page"}],"author":[{"embeddable":true,"href":"https:\/\/p4s.polsl.pl\/index.php?rest_route=\/wp\/v2\/users\/1"}],"replies":[{"embeddable":true,"href":"https:\/\/p4s.polsl.pl\/index.php?rest_route=%2Fwp%2Fv2%2Fcomments&post=88"}],"version-history":[{"count":27,"href":"https:\/\/p4s.polsl.pl\/index.php?rest_route=\/wp\/v2\/pages\/88\/revisions"}],"predecessor-version":[{"id":1080,"href":"https:\/\/p4s.polsl.pl\/index.php?rest_route=\/wp\/v2\/pages\/88\/revisions\/1080"}],"wp:attachment":[{"href":"https:\/\/p4s.polsl.pl\/index.php?rest_route=%2Fwp%2Fv2%2Fmedia&parent=88"}],"curies":[{"name":"wp","href":"https:\/\/api.w.org\/{rel}","templated":true}]}}