{"id":82,"date":"2019-08-13T17:08:38","date_gmt":"2019-08-13T15:08:38","guid":{"rendered":"http:\/\/p4s.polsl.pl\/?page_id=82"},"modified":"2019-09-24T15:28:16","modified_gmt":"2019-09-24T13:28:16","slug":"zajecia-z-wykladowcami-z-zagranicy","status":"publish","type":"page","link":"https:\/\/p4s.polsl.pl\/?page_id=82","title":{"rendered":"Zaj\u0119cia z wyk\u0142adowcami z zagranicy"},"content":{"rendered":"\n<figure class=\"wp-block-image\"><img decoding=\"async\" loading=\"lazy\" width=\"1024\" height=\"188\" src=\"http:\/\/p4s.polsl.pl\/wp-content\/uploads\/2019\/08\/image-6-1024x188.png\" alt=\"\" class=\"wp-image-246\" srcset=\"https:\/\/p4s.polsl.pl\/wp-content\/uploads\/2019\/08\/image-6-1024x188.png 1024w, https:\/\/p4s.polsl.pl\/wp-content\/uploads\/2019\/08\/image-6-400x74.png 400w, https:\/\/p4s.polsl.pl\/wp-content\/uploads\/2019\/08\/image-6-768x141.png 768w, https:\/\/p4s.polsl.pl\/wp-content\/uploads\/2019\/08\/image-6.png 1121w\" sizes=\"(max-width: 1024px) 100vw, 1024px\" \/><\/figure>\n\n\n\n<h2><span style=\"color: #000080;\"><strong>Presti\u017c i do\u015bwiadczenie \u2013 czyli zagraniczni naukowcy te\u017c maj\u0105 POWER<\/strong><\/span><\/h2>\n\n\n\n<p style=\"text-align: justify;\">Jednym z priorytet\u00f3w projektu jest wsp\u00f3\u0142praca w zakresie realizacji procesu kszta\u0142cenia z presti\u017cowymi o\u015brodkami i wyk\u0142adowcami z zagranicy. Wyk\u0142adowcy wysokiej klasy transferowa\u0107 b\u0119d\u0105 najnowsz\u0105 wiedz\u0119 z renomowanych o\u015brodk\u00f3w naukowo \u2013 dydaktycznych.<\/p>\n<p style=\"text-align: justify;\">Jako\u015b\u0107 kszta\u0142cenia zostanie podniesiona poprzez zaanga\u017cowanie do\u015bwiadczonych wyk\u0142adowc\u00f3w z zagranicy, kt\u00f3rzy przedstawi\u0105 tematyk\u0119 z danego obszaru nauki. Zapraszani b\u0119d\u0105 wybitni specjali\u015bci, posiadaj\u0105cy dorobek naukowy, badawczy i dydaktyczny.<\/p>\n<p>\u00a0<\/p>\n<p>\u00a0<\/p>\n<p>\u00a0<\/p>\n<p>\u00a0<\/p>\n\n\n\n<figure class=\"wp-block-image\"><img decoding=\"async\" loading=\"lazy\" width=\"1024\" height=\"195\" src=\"http:\/\/p4s.polsl.pl\/wp-content\/uploads\/2019\/08\/image-7-1024x195.png\" alt=\"\" class=\"wp-image-247\" srcset=\"https:\/\/p4s.polsl.pl\/wp-content\/uploads\/2019\/08\/image-7-1024x195.png 1024w, https:\/\/p4s.polsl.pl\/wp-content\/uploads\/2019\/08\/image-7-400x76.png 400w, https:\/\/p4s.polsl.pl\/wp-content\/uploads\/2019\/08\/image-7-768x146.png 768w, https:\/\/p4s.polsl.pl\/wp-content\/uploads\/2019\/08\/image-7.png 1121w\" sizes=\"(max-width: 1024px) 100vw, 1024px\" \/><\/figure>\n","protected":false},"excerpt":{"rendered":"<p>Presti\u017c i do\u015bwiadczenie \u2013 czyli zagraniczni naukowcy te\u017c maj\u0105 POWER Jednym z priorytet\u00f3w projektu jest wsp\u00f3\u0142praca w zakresie realizacji procesu kszta\u0142cenia z presti\u017cowymi o\u015brodkami i wyk\u0142adowcami z zagranicy. Wyk\u0142adowcy wysokiej klasy transferowa\u0107 b\u0119d\u0105 najnowsz\u0105 wiedz\u0119 z renomowanych o\u015brodk\u00f3w naukowo \u2013 &hellip; <a href=\"https:\/\/p4s.polsl.pl\/?page_id=82\">Czytaj dalej <span class=\"meta-nav\">&rarr;<\/span><\/a><\/p>\n","protected":false},"author":1,"featured_media":0,"parent":0,"menu_order":0,"comment_status":"closed","ping_status":"closed","template":"","meta":[],"_links":{"self":[{"href":"https:\/\/p4s.polsl.pl\/index.php?rest_route=\/wp\/v2\/pages\/82"}],"collection":[{"href":"https:\/\/p4s.polsl.pl\/index.php?rest_route=\/wp\/v2\/pages"}],"about":[{"href":"https:\/\/p4s.polsl.pl\/index.php?rest_route=\/wp\/v2\/types\/page"}],"author":[{"embeddable":true,"href":"https:\/\/p4s.polsl.pl\/index.php?rest_route=\/wp\/v2\/users\/1"}],"replies":[{"embeddable":true,"href":"https:\/\/p4s.polsl.pl\/index.php?rest_route=%2Fwp%2Fv2%2Fcomments&post=82"}],"version-history":[{"count":7,"href":"https:\/\/p4s.polsl.pl\/index.php?rest_route=\/wp\/v2\/pages\/82\/revisions"}],"predecessor-version":[{"id":466,"href":"https:\/\/p4s.polsl.pl\/index.php?rest_route=\/wp\/v2\/pages\/82\/revisions\/466"}],"wp:attachment":[{"href":"https:\/\/p4s.polsl.pl\/index.php?rest_route=%2Fwp%2Fv2%2Fmedia&parent=82"}],"curies":[{"name":"wp","href":"https:\/\/api.w.org\/{rel}","templated":true}]}}