{"id":78,"date":"2019-08-13T17:07:30","date_gmt":"2019-08-13T15:07:30","guid":{"rendered":"http:\/\/p4s.polsl.pl\/?page_id=78"},"modified":"2020-05-08T14:20:31","modified_gmt":"2020-05-08T12:20:31","slug":"korzysci-ze-studiowania-w-ramach-power","status":"publish","type":"page","link":"https:\/\/p4s.polsl.pl\/?page_id=78","title":{"rendered":"Korzy\u015bci ze studiowania w ramach POWER"},"content":{"rendered":"\n<p><\/p>\n\n\n\n<figure class=\"wp-block-image\"><img decoding=\"async\" loading=\"lazy\" width=\"1024\" height=\"188\" src=\"http:\/\/p4s.polsl.pl\/wp-content\/uploads\/2019\/08\/image-2-1024x188.png\" alt=\"\" class=\"wp-image-233\" srcset=\"https:\/\/p4s.polsl.pl\/wp-content\/uploads\/2019\/08\/image-2-1024x188.png 1024w, https:\/\/p4s.polsl.pl\/wp-content\/uploads\/2019\/08\/image-2-400x74.png 400w, https:\/\/p4s.polsl.pl\/wp-content\/uploads\/2019\/08\/image-2-768x141.png 768w, https:\/\/p4s.polsl.pl\/wp-content\/uploads\/2019\/08\/image-2.png 1121w\" sizes=\"(max-width: 1024px) 100vw, 1024px\" \/><\/figure>\n\n\n\n<h1 class=\"wp-block-verse\"><span style=\"color: #ff6600;\"><strong>Interdyscyplinarno\u015b\u0107 i innowacje z POWER\u2019owym wsparciem<\/strong><\/span><\/h1>\n\n\n\n<div class=\"wp-block-image\"><figure class=\"aligncenter\"><img decoding=\"async\" loading=\"lazy\" width=\"400\" height=\"225\" src=\"http:\/\/p4s.polsl.pl\/wp-content\/uploads\/2020\/05\/smart_building3_wb-400x225.png\" alt=\"\" class=\"wp-image-657\" srcset=\"https:\/\/p4s.polsl.pl\/wp-content\/uploads\/2020\/05\/smart_building3_wb-400x225.png 400w, https:\/\/p4s.polsl.pl\/wp-content\/uploads\/2020\/05\/smart_building3_wb-768x432.png 768w, https:\/\/p4s.polsl.pl\/wp-content\/uploads\/2020\/05\/smart_building3_wb-1024x576.png 1024w\" sizes=\"(max-width: 400px) 100vw, 400px\" \/><\/figure><\/div>\n\n\n\n<p style=\"text-align: justify;\">Wydzia\u0142 Automatyki, Elektroniki i Informatyki wraz z Wydzia\u0142em In\u017cynierii \u015arodowiska i Energetyki \u00a0przy wsparciu Projektu POWER 3.5\/II\u00a0 \u201ePolitechnika \u015al\u0105ska nowoczesnym europejskim uniwersytetem technicznym\u201d wsp\u00f3\u0142finansowanego przez Uni\u0119 Europejsk\u0105, uruchamia na kierunku Automatyka i Robotyka innowacyjn\u0105, interdyscyplinarn\u0105 specjalno\u015b\u0107 Automatyka i Eksploatacja Inteligentnych Budynk\u00f3w.<\/p>\n<p style=\"text-align: justify;\">Przed Studentami, kt\u00f3rzy wybior\u0105 t\u0119 specjalno\u015b\u0107, unikatowa szansa na zdobycie wiedzy i cennych umiej\u0119tno\u015bci w zakresie jednego z najciekawszych i perspektywicznych zawod\u00f3w przysz\u0142o\u015bci. W ofercie zaj\u0119\u0107 zostan\u0105 kompleksowo przedstawione zagadnienia eksploatacji, diagnostyki i automatyki energooszcz\u0119dnych system\u00f3w technicznego wyposa\u017cenia budynk\u00f3w. Studenci zdob\u0119d\u0105 szczeg\u00f3\u0142ow\u0105 wiedz\u0119 mi\u0119dzy innymi z zakresu programowania system\u00f3w automatyki oraz system\u00f3w i podsystem\u00f3w nadzoru \u2013 BMS, certyfikacji budynk\u00f3w, gospodarki energetycznej budynk\u00f3w i odnawialnych \u017ar\u00f3de\u0142 energii, \u015brodowiska wewn\u0119trznego budynk\u00f3w. Dla praktycznego wsparcia wiedzy specjalistycznej Student\u00f3w &#8211; powstaje nowoczesne laboratorium w hali technologicznej Wydzia\u0142u In\u017cynierii \u015arodowiska i Energetyki.<\/p>\n<p style=\"text-align: justify;\">Specjalno\u015b\u0107 b\u0119dzie obejmowa\u0142a dwie specjalizacje, jedna zorientowana na zagadnienia zwi\u0105zane z automatyk\u0105 i sterowaniem system\u00f3w w budynkach, a druga na eksploatacj\u0119 inteligentnych budynk\u00f3w. Zaj\u0119cia b\u0119d\u0105 prowadzone z wykorzystaniem innowacyjnych metod kszta\u0142cenia, np. PBL, PLTL\u00a0\u2013 \u201euczenie si\u0119 poprzez wsp\u00f3\u0142prac\u0119 w\u00a0grupach&#8221;, wiedza ukryta\u00a0w\u00a0zadaniu. Przewidywane s\u0105 zaj\u0119cia przy wsp\u00f3\u0142udziale przedstawicieli przemys\u0142u oraz wyk\u0142adowc\u00f3w z zagranicy.<\/p>\n\n\n\n<p><strong>Studencie \u2013 nab\u00f3r na specjalno\u015b\u0107 ju\u017c trwa, inteligentnie zaplanuj i zbuduj z nami swoj\u0105 przysz\u0142o\u015b\u0107!<\/strong><\/p>\n\n\n\n<h2 class=\"has-text-color has-medium-font-size has-blue-color\"><span style=\"color: #000080;\"><strong>POWER\u2019 owe cele i za\u0142o\u017cenia \u2013 co mo\u017ce zainteresowa\u0107 w\u0142a\u015bnie Ciebie?<\/strong><\/span><\/h2>\n\n\n\n<p style=\"text-align: justify;\">Celem realizacji Projektu jest zapewnienie wysokiej jako\u015bci i efektywno\u015bci kszta\u0142cenia, a tak\u017ce podniesienie kompetencji os\u00f3b uczestnicz\u0105cych w edukacji na poziomie wy\u017cszym. Istotnym priorytetem jest dostosowanie kszta\u0142cenia do potrzeb gospodarki, rynku pracy i spo\u0142ecze\u0144stwa.<\/p>\n<p style=\"text-align: justify;\">Modu\u0142 Projektu w obszarze interesuj\u0105cym student\u00f3w zak\u0142ada doskonalenie program\u00f3w kszta\u0142cenia w oparciu o konsolidacj\u0119 wiedzy i umiej\u0119tno\u015bci z orientacj\u0105 na dostosowanie procesu kszta\u0142cenia do aktualnych potrzeb otoczenia spo\u0142ecznego, gospodarczego i indywidualnych zdolno\u015bci student\u00f3w.<\/p>\n<p style=\"text-align: justify;\">Zak\u0142ada si\u0119, \u017ce uczestnikami Projektu b\u0119dzie 2515 student\u00f3w, studi\u00f3w I lub II stopnia studi\u00f3w stacjonarnych, a og\u00f3\u0142em wsparciem w zakresie kszta\u0142cenia i realizacji sta\u017cy zawodowych obj\u0119tych zostanie 4245 student\u00f3w studi\u00f3w stacjonarnych i niestacjonarnych!<\/p>\n\n\n\n<h2 class=\"has-text-color has-medium-font-size has-blue-color\" style=\"text-align: justify;\"><span style=\"color: #000080;\"><strong>Nowo\u015bci i doskonalenie \u2013 czyli jako\u015b\u0107 studiowania&nbsp; z POWER\u2019em<\/strong><\/span><\/h2>\n\n\n\n<p>W\nramach interesuj\u0105cych innowacji, w projekcie zostan\u0105: <\/p>\n\n\n\n<ul>\n<li>Uruchomione nowe kierunki studi\u00f3w i specjalno\u015bci<\/li>\n<li>Udoskonalone istniej\u0105ce programy kszta\u0142cenia w oparciu o diagnoz\u0119 potrzeb spo\u0142ecznych, gospodarczych regionu i kraju<\/li>\n<\/ul>\n\n\n\n<h2 style=\"text-align: justify;\"><strong><span style=\"color: #000080;\">Ju\u017c niebawem w ofercie Politechniki \u015al\u0105skiej:<\/span><\/strong><\/h2>\n\n\n\n<ul>\n<li style=\"text-align: justify;\">Interdyscyplinarna specjalno\u015b\u0107: Automatyka i eksploatacja inteligentnych budynk\u00f3w<\/li>\n<li style=\"text-align: justify;\">Lingwistyka stosowana<\/li>\n<li style=\"text-align: justify;\">Udoskonalone programy kszta\u0142cenia w zakresie automatyki, elektroniki <br>i informatyki<\/li>\n<li style=\"text-align: justify;\">Udoskonalone programy kszta\u0142cenia w zakresie transportu<\/li>\n<li style=\"text-align: justify;\">Udoskonalone programy kszta\u0142cenia w zakresie in\u017cynierii l\u0105dowej<\/li>\n<li style=\"text-align: justify;\">Udoskonalone programy kszta\u0142cenia w zakresie zarz\u0105dzania i in\u017cynierii produkcji<\/li>\n<li style=\"text-align: justify;\">Udoskonalone programy kszta\u0142cenia w zakresie in\u017cynierii biomedycznej<\/li>\n<li style=\"text-align: justify;\">Udoskonalone programy kszta\u0142cenia w zakresie in\u017cynierii materia\u0142owej<\/li>\n<\/ul>\n\n\n\n<h2><strong><span style=\"color: #000080;\">NOWO\u015aCI:<\/span><\/strong><\/h2>\n\n\n\n<ul>\n<li style=\"text-align: justify;\">Jeszcze lepsze programy kszta\u0142cenia<\/li>\n<li style=\"text-align: justify;\">Udoskonalone w oparciu o wszechstronn\u0105 diagnoz\u0119 kierunki studi\u00f3w<\/li>\n<li style=\"text-align: justify;\">Wyposa\u017cone w nowoczesny sprz\u0119t laboratoria badawcze i stanowiska pracy<\/li>\n<li style=\"text-align: justify;\">Kierunki dostosowane do zmieniaj\u0105cego si\u0119 rynku pracy i rozwoju technologicznego<\/li>\n<li style=\"text-align: justify;\">Wyk\u0142ady zagranicznych ekspert\u00f3w<\/li>\n<li style=\"text-align: justify;\">Zwi\u0119kszenie potencja\u0142u w zakresie umi\u0119dzynarodowienia uczelni<\/li>\n<\/ul>\n\n\n\n<h1 class=\"has-text-color has-large-font-size\" style=\"color: #946718;\"><span style=\"color: #ff6600;\"><strong>Twoje studia to tw\u00f3j POWER<\/strong><\/span><\/h1>\n\n\n\n<h2 class=\"has-text-color has-medium-font-size has-blue-color\" style=\"text-align: justify;\"><span style=\"color: #000080;\"><strong>Co nas wyr\u00f3\u017cnia? Co nam daje POWER do kszta\u0142cenia?<\/strong><\/span><\/h2>\n\n\n\n<ul>\n<li style=\"text-align: justify;\">Doskona\u0142o\u015b\u0107 naukowa<\/li>\n<li style=\"text-align: justify;\">Rozw\u00f3j twoich pasji i mo\u017cliwo\u015bci w uczelni badawczej<\/li>\n<li style=\"text-align: justify;\">Elastyczno\u015b\u0107 w zakresie dostosowania si\u0119 do dynamicznie post\u0119puj\u0105cego rozwoju technologicznego i spo\u0142ecznego<\/li>\n<li style=\"text-align: justify;\">Nowoczesne kszta\u0142cenie<\/li>\n<li style=\"text-align: justify;\">Badania naukowe i innowacje<\/li>\n<li style=\"text-align: justify;\">R\u00f3wno\u015b\u0107 szans i brak dyskryminacji (os\u00f3b niepe\u0142nosprawnych, o niskim statusie materialnym, obcokrajowc\u00f3w)<\/li>\n<li style=\"text-align: justify;\">Wolno\u015b\u0107 nauczania<\/li>\n<li style=\"text-align: justify;\">Autonomia spo\u0142eczno\u015bci akademickiej<\/li>\n<li style=\"text-align: justify;\">Otwarte bazy zasob\u00f3w edukacyjnych, zawieraj\u0105ce materia\u0142y dydaktyczne <br \/>z uwzgl\u0119dnieniem potrzeb os\u00f3b z niepe\u0142nosprawno\u015bciami sensorycznymi<\/li>\n<\/ul>\n\n\n\n<figure class=\"wp-block-image\"><img decoding=\"async\" loading=\"lazy\" width=\"1024\" height=\"195\" src=\"http:\/\/p4s.polsl.pl\/wp-content\/uploads\/2019\/08\/image-3-1024x195.png\" alt=\"\" class=\"wp-image-234\" srcset=\"https:\/\/p4s.polsl.pl\/wp-content\/uploads\/2019\/08\/image-3-1024x195.png 1024w, https:\/\/p4s.polsl.pl\/wp-content\/uploads\/2019\/08\/image-3-400x76.png 400w, https:\/\/p4s.polsl.pl\/wp-content\/uploads\/2019\/08\/image-3-768x146.png 768w, https:\/\/p4s.polsl.pl\/wp-content\/uploads\/2019\/08\/image-3.png 1121w\" sizes=\"(max-width: 1024px) 100vw, 1024px\" \/><\/figure>\n","protected":false},"excerpt":{"rendered":"<p>Interdyscyplinarno\u015b\u0107 i innowacje z POWER\u2019owym wsparciem Wydzia\u0142 Automatyki, Elektroniki i Informatyki wraz z Wydzia\u0142em In\u017cynierii \u015arodowiska i Energetyki \u00a0przy wsparciu Projektu POWER 3.5\/II\u00a0 \u201ePolitechnika \u015al\u0105ska nowoczesnym europejskim uniwersytetem technicznym\u201d wsp\u00f3\u0142finansowanego przez Uni\u0119 Europejsk\u0105, uruchamia na kierunku Automatyka i Robotyka innowacyjn\u0105, &hellip; <a href=\"https:\/\/p4s.polsl.pl\/?page_id=78\">Czytaj dalej <span class=\"meta-nav\">&rarr;<\/span><\/a><\/p>\n","protected":false},"author":1,"featured_media":0,"parent":0,"menu_order":0,"comment_status":"closed","ping_status":"closed","template":"","meta":[],"_links":{"self":[{"href":"https:\/\/p4s.polsl.pl\/index.php?rest_route=\/wp\/v2\/pages\/78"}],"collection":[{"href":"https:\/\/p4s.polsl.pl\/index.php?rest_route=\/wp\/v2\/pages"}],"about":[{"href":"https:\/\/p4s.polsl.pl\/index.php?rest_route=\/wp\/v2\/types\/page"}],"author":[{"embeddable":true,"href":"https:\/\/p4s.polsl.pl\/index.php?rest_route=\/wp\/v2\/users\/1"}],"replies":[{"embeddable":true,"href":"https:\/\/p4s.polsl.pl\/index.php?rest_route=%2Fwp%2Fv2%2Fcomments&post=78"}],"version-history":[{"count":38,"href":"https:\/\/p4s.polsl.pl\/index.php?rest_route=\/wp\/v2\/pages\/78\/revisions"}],"predecessor-version":[{"id":662,"href":"https:\/\/p4s.polsl.pl\/index.php?rest_route=\/wp\/v2\/pages\/78\/revisions\/662"}],"wp:attachment":[{"href":"https:\/\/p4s.polsl.pl\/index.php?rest_route=%2Fwp%2Fv2%2Fmedia&parent=78"}],"curies":[{"name":"wp","href":"https:\/\/api.w.org\/{rel}","templated":true}]}}