{"id":76,"date":"2019-08-13T17:07:01","date_gmt":"2019-08-13T15:07:01","guid":{"rendered":"http:\/\/p4s.polsl.pl\/?page_id=76"},"modified":"2019-08-26T17:06:57","modified_gmt":"2019-08-26T15:06:57","slug":"student","status":"publish","type":"page","link":"https:\/\/p4s.polsl.pl\/?page_id=76","title":{"rendered":"Student"},"content":{"rendered":"\n<figure class=\"wp-block-image\"><img decoding=\"async\" loading=\"lazy\" width=\"1024\" height=\"188\" src=\"http:\/\/p4s.polsl.pl\/wp-content\/uploads\/2019\/08\/image-14-1024x188.png\" alt=\"\" class=\"wp-image-268\" srcset=\"https:\/\/p4s.polsl.pl\/wp-content\/uploads\/2019\/08\/image-14-1024x188.png 1024w, https:\/\/p4s.polsl.pl\/wp-content\/uploads\/2019\/08\/image-14-400x74.png 400w, https:\/\/p4s.polsl.pl\/wp-content\/uploads\/2019\/08\/image-14-768x141.png 768w, https:\/\/p4s.polsl.pl\/wp-content\/uploads\/2019\/08\/image-14.png 1121w\" sizes=\"(max-width: 1024px) 100vw, 1024px\" \/><\/figure>\n\n\n\n<h1><a href=\"http:\/\/p4s.polsl.pl\/?page_id=78\"><span style=\"color: #000080;\"><strong>Korzy\u015bci ze\u00a0studiowania w\u00a0ramach POWER<\/strong><\/span><\/a><\/h1>\n<p style=\"text-align: justify;\">Celem realizacji Projektu jest zapewnienie wysokiej jako\u015bci i efektywno\u015bci kszta\u0142cenia, a tak\u017ce podniesienie kompetencji os\u00f3b uczestnicz\u0105cych w edukacji na poziomie wy\u017cszym. Istotnym priorytetem jest dostosowanie kszta\u0142cenia do potrzeb gospodarki, rynku pracy i spo\u0142ecze\u0144stwa. <a href=\"http:\/\/p4s.polsl.pl\/?page_id=78\">Czytaj dalej&#8230;<\/a><\/p>\n<p>\u00a0<\/p>\n<h1><a href=\"http:\/\/p4s.polsl.pl\/?page_id=80\"><span style=\"color: #000080;\"><strong>Wyr\u00f3wnanie szans<\/strong><\/span><\/a><\/h1>\n<p style=\"text-align: justify;\">W\u00a0ramach projektu nast\u0105pi ujednolicenie programu kszta\u0142cenia w\u00a0Politechnice \u015al\u0105skiej na\u00a0pierwszym roku studi\u00f3w dla pokrewnych grup kierunk\u00f3w w\u00a0obszarach poszczeg\u00f3lnych dziedzin nauki, kt\u00f3rego\u00a0celem jest zwi\u0119kszenie elastyczno\u015bci oferty dydaktycznej i\u00a0dopasowanie programu kszta\u0142cenia do\u00a0uzdolnie\u0144 i\u00a0zainteresowa\u0144 studenta. <a href=\"http:\/\/p4s.polsl.pl\/?page_id=80\">Czytaj dalej&#8230;<\/a><\/p>\n<p>\u00a0<\/p>\n<h1><strong><span style=\"color: #000080;\"><a style=\"color: #000080;\" href=\"http:\/\/p4s.polsl.pl\/?page_id=82\">Zaj\u0119cia z\u00a0wyk\u0142adowcami z\u00a0zagranic<\/a>y<\/span><\/strong><\/h1>\n<p style=\"text-align: justify;\">Jednym z\u00a0priorytet\u00f3w projektu jest wsp\u00f3\u0142praca w\u00a0zakresie realizacji procesu kszta\u0142cenia z\u00a0presti\u017cowymi o\u015brodkami i\u00a0wyk\u0142adowcami z\u00a0zagranicy. Wyk\u0142adowcy wysokiej klasy transferowa\u0107 b\u0119d\u0105 najnowsz\u0105 wiedz\u0119 z\u00a0renomowanych o\u015brodk\u00f3w naukowo \u2013 dydaktycznych. <a href=\"http:\/\/p4s.polsl.pl\/?page_id=82\">Czytaj dalej&#8230;<\/a><\/p>\n<p>\u00a0<\/p>\n<h1><a href=\"http:\/\/p4s.polsl.pl\/?page_id=84\"><span style=\"color: #000080;\"><strong><span style=\"color: #000080;\">P\u0142atne sta\u017ce krajowe i\u00a0zagraniczne<\/span><\/strong><\/span><\/a><\/h1>\n<p style=\"text-align: justify;\">Modu\u0142 program\u00f3w sta\u017cowych zak\u0142ada realizacj\u0119 wysokiej jako\u015bci program\u00f3w sta\u017cowych dla student\u00f3w w przedsi\u0119biorstwach innowacyjnych technologii w kraju i zagranic\u0105. Sta\u017ce b\u0119d\u0105 si\u0119 cechowa\u0142y elastycznymi formami realizacji, dzi\u0119ki czemu dope\u0142ni\u0105 proces kszta\u0142cenia in\u017cynierskiego, jednocze\u015bnie przygotowuj\u0105c student\u00f3w do startu zawodowego. <a href=\"http:\/\/p4s.polsl.pl\/?page_id=84\">Czytaj dalej&#8230;<\/a><\/p>\n<p>\u00a0<\/p>\n<h1><a href=\"http:\/\/p4s.polsl.pl\/?page_id=86\"><strong><span style=\"color: #000080;\">Materia\u0142y on-line<\/span><\/strong><\/a><\/h1>\n<p>\u00a0<\/p>\n<h1><a href=\"http:\/\/p4s.polsl.pl\/?page_id=88\"><strong><span style=\"color: #000080;\">Dokumenty<\/span><\/strong><\/a><\/h1>\n\n\n\n<figure class=\"wp-block-image\"><img decoding=\"async\" loading=\"lazy\" width=\"1024\" height=\"195\" src=\"http:\/\/p4s.polsl.pl\/wp-content\/uploads\/2019\/08\/image-15-1024x195.png\" alt=\"\" class=\"wp-image-269\" srcset=\"https:\/\/p4s.polsl.pl\/wp-content\/uploads\/2019\/08\/image-15-1024x195.png 1024w, https:\/\/p4s.polsl.pl\/wp-content\/uploads\/2019\/08\/image-15-400x76.png 400w, https:\/\/p4s.polsl.pl\/wp-content\/uploads\/2019\/08\/image-15-768x146.png 768w, https:\/\/p4s.polsl.pl\/wp-content\/uploads\/2019\/08\/image-15.png 1121w\" sizes=\"(max-width: 1024px) 100vw, 1024px\" \/><\/figure>\n\n\n\n<p><\/p>\n","protected":false},"excerpt":{"rendered":"<p>Korzy\u015bci ze\u00a0studiowania w\u00a0ramach POWER Celem realizacji Projektu jest zapewnienie wysokiej jako\u015bci i efektywno\u015bci kszta\u0142cenia, a tak\u017ce podniesienie kompetencji os\u00f3b uczestnicz\u0105cych w edukacji na poziomie wy\u017cszym. Istotnym priorytetem jest dostosowanie kszta\u0142cenia do potrzeb gospodarki, rynku pracy i spo\u0142ecze\u0144stwa. Czytaj dalej&#8230; \u00a0 &hellip; <a href=\"https:\/\/p4s.polsl.pl\/?page_id=76\">Czytaj dalej <span class=\"meta-nav\">&rarr;<\/span><\/a><\/p>\n","protected":false},"author":1,"featured_media":0,"parent":0,"menu_order":0,"comment_status":"closed","ping_status":"closed","template":"","meta":[],"_links":{"self":[{"href":"https:\/\/p4s.polsl.pl\/index.php?rest_route=\/wp\/v2\/pages\/76"}],"collection":[{"href":"https:\/\/p4s.polsl.pl\/index.php?rest_route=\/wp\/v2\/pages"}],"about":[{"href":"https:\/\/p4s.polsl.pl\/index.php?rest_route=\/wp\/v2\/types\/page"}],"author":[{"embeddable":true,"href":"https:\/\/p4s.polsl.pl\/index.php?rest_route=\/wp\/v2\/users\/1"}],"replies":[{"embeddable":true,"href":"https:\/\/p4s.polsl.pl\/index.php?rest_route=%2Fwp%2Fv2%2Fcomments&post=76"}],"version-history":[{"count":11,"href":"https:\/\/p4s.polsl.pl\/index.php?rest_route=\/wp\/v2\/pages\/76\/revisions"}],"predecessor-version":[{"id":322,"href":"https:\/\/p4s.polsl.pl\/index.php?rest_route=\/wp\/v2\/pages\/76\/revisions\/322"}],"wp:attachment":[{"href":"https:\/\/p4s.polsl.pl\/index.php?rest_route=%2Fwp%2Fv2%2Fmedia&parent=76"}],"curies":[{"name":"wp","href":"https:\/\/api.w.org\/{rel}","templated":true}]}}