{"id":757,"date":"2020-09-27T10:56:59","date_gmt":"2020-09-27T08:56:59","guid":{"rendered":"http:\/\/p4s.polsl.pl\/?page_id=757"},"modified":"2023-06-12T07:01:06","modified_gmt":"2023-06-12T05:01:06","slug":"dokumenty-rekrutacyjne-szkolenia","status":"publish","type":"page","link":"https:\/\/p4s.polsl.pl\/?page_id=757","title":{"rendered":"Dokumenty rekrutacyjne &#8211; szkolenia"},"content":{"rendered":"\n<figure class=\"wp-block-image\"><img decoding=\"async\" src=\"http:\/\/p4s.polsl.pl\/wp-content\/uploads\/2019\/08\/image-28-1024x188.png\" alt=\"Obrazek posiada pusty atrybut alt; plik o nazwie image-28-1024x188.png\"\/><\/figure>\n\n\n\n<h2>&nbsp;<\/h2>\n<table style=\"width: 100%; border-collapse: collapse;\">\n<tbody>\n<tr>\n<td style=\"width: 619.867px;\">\n<h3><span style=\"color: #000000;\"><strong>Poni\u017csze dokumenty obowi\u0105zuj\u0105 od 03.04.2023 r.<\/strong><\/span><\/h3>\n<\/td>\n<\/tr>\n<\/tbody>\n<\/table>\n<h2>&nbsp;<\/h2>\n<h2><span style=\"color: #ff6600;\"><strong>REGULAMIN MODU\u0141U VI:<\/strong><\/span><\/h2>\n\n\n\n<div class=\"wp-block-file\"><a id=\"wp-block-file--media-01717ef8-f3ec-4131-8272-db8d3d820eab\" href=\"https:\/\/p4s.polsl.pl\/wp-content\/uploads\/2023\/05\/Zal-nr-4-do-Reg_Proj_Regulamin-modul-VI_Podniesienie-kompetencji-kadry-PolSl_POWER-aktualizacja-27_04_2023.pdf\" target=\"_blank\" rel=\"noreferrer noopener\">Zal-nr-4-do-Reg_Proj_Regulamin-modul-VI_Podniesienie-kompetencji-kadry-PolSl_POWER-aktualizacja-27_04_2023<\/a><a href=\"https:\/\/p4s.polsl.pl\/wp-content\/uploads\/2023\/05\/Zal-nr-4-do-Reg_Proj_Regulamin-modul-VI_Podniesienie-kompetencji-kadry-PolSl_POWER-aktualizacja-27_04_2023.pdf\" class=\"wp-block-file__button wp-element-button\" download aria-describedby=\"wp-block-file--media-01717ef8-f3ec-4131-8272-db8d3d820eab\">Pobierz<\/a><\/div>\n\n\n\n<h2>\u00a0<\/h2>\n<h2><span style=\"color: #ff6600;\"><strong>DOKUMENTY REKRUTACYJNE NA SZKOLENIE:<\/strong><\/span><\/h2>\n\n\n\n<div class=\"wp-block-file\"><a id=\"wp-block-file--media-0b2540d4-837e-4b6e-b758-fd29294bd91a\" href=\"https:\/\/p4s.polsl.pl\/wp-content\/uploads\/2023\/04\/Zal-nr-4a-do-Reg_Proj_MVI_Formularz-zgloszeniowy-pracownik-ZISW_Szkolenie-4.docx\" target=\"_blank\" rel=\"noreferrer noopener\">Zal-nr-4a-do-Reg_Proj_MVI_Formularz-zgloszeniowy-pracownik-ZISW_Szkolenie-4<\/a><a href=\"https:\/\/p4s.polsl.pl\/wp-content\/uploads\/2023\/04\/Zal-nr-4a-do-Reg_Proj_MVI_Formularz-zgloszeniowy-pracownik-ZISW_Szkolenie-4.docx\" class=\"wp-block-file__button wp-element-button\" download aria-describedby=\"wp-block-file--media-0b2540d4-837e-4b6e-b758-fd29294bd91a\">Pobierz<\/a><\/div>\n\n\n\n<div class=\"wp-block-file\"><a id=\"wp-block-file--media-4d9c74a6-190f-45c0-956b-7f5918d34a7e\" href=\"https:\/\/p4s.polsl.pl\/wp-content\/uploads\/2023\/04\/Zal-nr-4b-do-Reg_Proj_MVI_Oswiadczenie-o-zajmowanym-stanowisku-ZISW_Szkolenie-4.docx\" target=\"_blank\" rel=\"noreferrer noopener\">Zal-nr-4b-do-Reg_Proj_MVI_Oswiadczenie-o-zajmowanym-stanowisku-ZISW_Szkolenie-4<\/a><a href=\"https:\/\/p4s.polsl.pl\/wp-content\/uploads\/2023\/04\/Zal-nr-4b-do-Reg_Proj_MVI_Oswiadczenie-o-zajmowanym-stanowisku-ZISW_Szkolenie-4.docx\" class=\"wp-block-file__button wp-element-button\" download aria-describedby=\"wp-block-file--media-4d9c74a6-190f-45c0-956b-7f5918d34a7e\">Pobierz<\/a><\/div>\n\n\n\n<div class=\"wp-block-file\"><a id=\"wp-block-file--media-b9fd7411-4631-40a7-b91b-d913b946f06e\" href=\"https:\/\/p4s.polsl.pl\/wp-content\/uploads\/2023\/04\/Zal-nr-4c-do-Reg_Proj_MVI_Oswiadczenie-o-braku-udzialu-w-projektach-podnoszacych-kompetencje-ZISW_Szkolenie-4.docx\" target=\"_blank\" rel=\"noreferrer noopener\">Zal-nr-4c-do-Reg_Proj_MVI_Oswiadczenie-o-braku-udzialu-w-projektach-podnoszacych-kompetencje-ZISW_Szkolenie-4<\/a><a href=\"https:\/\/p4s.polsl.pl\/wp-content\/uploads\/2023\/04\/Zal-nr-4c-do-Reg_Proj_MVI_Oswiadczenie-o-braku-udzialu-w-projektach-podnoszacych-kompetencje-ZISW_Szkolenie-4.docx\" class=\"wp-block-file__button wp-element-button\" download aria-describedby=\"wp-block-file--media-b9fd7411-4631-40a7-b91b-d913b946f06e\">Pobierz<\/a><\/div>\n\n\n\n<div class=\"wp-block-file\"><a id=\"wp-block-file--media-e417e452-a144-4f0e-b10c-e59b27478e7b\" href=\"https:\/\/p4s.polsl.pl\/wp-content\/uploads\/2023\/04\/Zal-nr-4e-do-Reg_Proj_MVI_Opis-mozliwosci-wykorzystania-nowych-kompetencji-na-stanowisku-ZISW_Szkolenie-5.docx\" target=\"_blank\" rel=\"noreferrer noopener\">Zal-nr-4e-do-Reg_Proj_MVI_Opis-mozliwosci-wykorzystania-nowych-kompetencji-na-stanowisku-ZISW_Szkolenie-5<\/a><a href=\"https:\/\/p4s.polsl.pl\/wp-content\/uploads\/2023\/04\/Zal-nr-4e-do-Reg_Proj_MVI_Opis-mozliwosci-wykorzystania-nowych-kompetencji-na-stanowisku-ZISW_Szkolenie-5.docx\" class=\"wp-block-file__button wp-element-button\" download aria-describedby=\"wp-block-file--media-e417e452-a144-4f0e-b10c-e59b27478e7b\">Pobierz<\/a><\/div>\n\n\n\n<div class=\"wp-block-file\"><a id=\"wp-block-file--media-29164774-3abb-4bf3-9de5-c1e1a911b89f\" href=\"https:\/\/p4s.polsl.pl\/wp-content\/uploads\/2023\/04\/Zal-nr-5-do-Reg_Proj_Deklaracja-uczestnictwa-4.docx\" target=\"_blank\" rel=\"noreferrer noopener\">Zal-nr-5-do-Reg_Proj_Deklaracja-uczestnictwa-4<\/a><a href=\"https:\/\/p4s.polsl.pl\/wp-content\/uploads\/2023\/04\/Zal-nr-5-do-Reg_Proj_Deklaracja-uczestnictwa-4.docx\" class=\"wp-block-file__button wp-element-button\" download aria-describedby=\"wp-block-file--media-29164774-3abb-4bf3-9de5-c1e1a911b89f\">Pobierz<\/a><\/div>\n\n\n\n<div class=\"wp-block-file\"><a id=\"wp-block-file--media-22caa4b4-8827-4b1e-b721-f8ec163a0660\" href=\"https:\/\/p4s.polsl.pl\/wp-content\/uploads\/2023\/04\/Zal-nr-6-do-Reg_Proj_Formularz-monitorowania-uczestnictwa_Szkolenie-5.docx\">Zal-nr-6-do-Reg_Proj_Formularz-monitorowania-uczestnictwa_Szkolenie-5<\/a><a href=\"https:\/\/p4s.polsl.pl\/wp-content\/uploads\/2023\/04\/Zal-nr-6-do-Reg_Proj_Formularz-monitorowania-uczestnictwa_Szkolenie-5.docx\" class=\"wp-block-file__button wp-element-button\" download aria-describedby=\"wp-block-file--media-22caa4b4-8827-4b1e-b721-f8ec163a0660\">Pobierz<\/a><\/div>\n\n\n\n<div class=\"wp-block-file\"><a id=\"wp-block-file--media-72ef0e04-9b04-4c79-9ce9-96adccd63ff4\" href=\"https:\/\/p4s.polsl.pl\/wp-content\/uploads\/2023\/04\/Zal-nr-7-do-Reg_Proj_Oswiadczenie-uczestnika-projektu-1-5.pdf\" target=\"_blank\" rel=\"noreferrer noopener\">Zal-nr-7-do-Reg_Proj_Oswiadczenie-uczestnika-projektu-1-5<\/a><a href=\"https:\/\/p4s.polsl.pl\/wp-content\/uploads\/2023\/04\/Zal-nr-7-do-Reg_Proj_Oswiadczenie-uczestnika-projektu-1-5.pdf\" class=\"wp-block-file__button wp-element-button\" download aria-describedby=\"wp-block-file--media-72ef0e04-9b04-4c79-9ce9-96adccd63ff4\">Pobierz<\/a><\/div>\n\n\n\n<div class=\"wp-block-file\"><a id=\"wp-block-file--media-3924c80e-aafb-4466-aaa8-91c529f96390\" href=\"https:\/\/p4s.polsl.pl\/wp-content\/uploads\/2023\/04\/ProtokolzprzeprowadzeniarozeznaniacenowegoPRC.rtf\" target=\"_blank\" rel=\"noreferrer noopener\">ProtokolzprzeprowadzeniarozeznaniacenowegoPRC<\/a><a href=\"https:\/\/p4s.polsl.pl\/wp-content\/uploads\/2023\/04\/ProtokolzprzeprowadzeniarozeznaniacenowegoPRC.rtf\" class=\"wp-block-file__button wp-element-button\" download aria-describedby=\"wp-block-file--media-3924c80e-aafb-4466-aaa8-91c529f96390\">Pobierz<\/a><\/div>\n\n\n\n<p style=\"text-align: justify;\"><span style=\"color: #ff0000;\"><strong>Do protoko\u0142u z przeprowadzonego rozeznania cenowego nale\u017cy do\u0142\u0105czy\u0107 min. 3 oferty (np. print screen strony z ofert\u0105, mail z ofert\u0105, skan oferty itp.). Nale\u017cy pami\u0119ta\u0107 by kwoty zawarte w protokole by\u0142y kwotami netto &#8211; 0% Vat. <\/strong><\/span><\/p>\n\n\n\n\n\n<div class=\"wp-block-file\"><a id=\"wp-block-file--media-7a9f0262-3097-4c6c-832b-426cfbff10a8\" href=\"https:\/\/p4s.polsl.pl\/wp-content\/uploads\/2023\/05\/Zal-nr-4g-do-Reg_Proj_MVI_Umowa-uczestnictwa-w-projekcie-ZISW-aktualizacja-z-27_04_2023-1.pdf\" target=\"_blank\" rel=\"noreferrer noopener\">Zal-nr-4g-do-Reg_Proj_MVI_Umowa-uczestnictwa-w-projekcie-ZISW-aktualizacja-z-27_04_2023-1<\/a><a href=\"https:\/\/p4s.polsl.pl\/wp-content\/uploads\/2023\/05\/Zal-nr-4g-do-Reg_Proj_MVI_Umowa-uczestnictwa-w-projekcie-ZISW-aktualizacja-z-27_04_2023-1.pdf\" class=\"wp-block-file__button wp-element-button\" download aria-describedby=\"wp-block-file--media-7a9f0262-3097-4c6c-832b-426cfbff10a8\">Pobierz<\/a><\/div>\n\n\n\n<p><span style=\"color: #ff0000;\"><strong>(w 2 egzemplarzach)<\/strong><\/span><\/p>\n\n\n\n<div class=\"wp-block-file\"><a id=\"wp-block-file--media-283e33f1-b050-47b2-bb66-cf1306011c20\" href=\"https:\/\/p4s.polsl.pl\/wp-content\/uploads\/2023\/04\/Zal-nr-4h-do-Reg_Proj_MVI_Test-kompetencyjny-ZISW_Szkolenie.docx\" target=\"_blank\" rel=\"noreferrer noopener\">Zal-nr-4h-do-Reg_Proj_MVI_Test-kompetencyjny-ZISW_Szkolenie<\/a><a href=\"https:\/\/p4s.polsl.pl\/wp-content\/uploads\/2023\/04\/Zal-nr-4h-do-Reg_Proj_MVI_Test-kompetencyjny-ZISW_Szkolenie.docx\" class=\"wp-block-file__button wp-element-button\" download aria-describedby=\"wp-block-file--media-283e33f1-b050-47b2-bb66-cf1306011c20\">Pobierz<\/a><\/div>\n\n\n\n<p><span style=\"color: #ff0000;\"><strong>(przed szkoleniem)<\/strong><\/span><\/p>\n<p>\u00a0<\/p>\n<h2 style=\"text-align: justify;\"><span style=\"color: #000000;\"><strong>Po zako\u0144czonym szkoleniu nale\u017cy przekaza\u0107 do Biura Projektu wype\u0142niony i podpisany Test kompetencji oraz certyfikat\/za\u015bwiadczenie z udzia\u0142u w szkoleniu<\/strong><\/span><\/h2>\n\n\n\n<div class=\"wp-block-file\"><a id=\"wp-block-file--media-3502dc5d-ddc1-41d8-b4a5-b9410005d058\" href=\"https:\/\/p4s.polsl.pl\/wp-content\/uploads\/2023\/04\/Zal-nr-4h-do-Reg_Proj_MVI_Test-kompetencyjny-ZISW_Szkolenie-1.docx\" target=\"_blank\" rel=\"noreferrer noopener\">Zal-nr-4h-do-Reg_Proj_MVI_Test-kompetencyjny-ZISW_Szkolenie-1<\/a><a href=\"https:\/\/p4s.polsl.pl\/wp-content\/uploads\/2023\/04\/Zal-nr-4h-do-Reg_Proj_MVI_Test-kompetencyjny-ZISW_Szkolenie-1.docx\" class=\"wp-block-file__button wp-element-button\" download aria-describedby=\"wp-block-file--media-3502dc5d-ddc1-41d8-b4a5-b9410005d058\">Pobierz<\/a><\/div>\n\n\n\n<p><span style=\"color: #ff0000;\"><strong>(po szkoleniu)<\/strong><\/span><\/p>\n\n\n\n<p style=\"text-align: justify;\">Faktura od firmy z kwot\u0105 netto (zwolnienie z podatku Vat)- je\u017celi firma potrzebuje za\u015bwiadczenie o zwolnieniu Politechniki \u015al\u0105skiej z podatku Vat prosimy o kontakt z Pani\u0105 Mart\u0105 Czerneck\u0105.<\/p>\n<p>\u00a0<\/p>\n<h3 style=\"text-align: justify;\"><span style=\"color: #008000;\">Podpisan\u0105 i wype\u0142nion\u0105 <strong>dokumentacj\u0119 rekrutacyjn\u0105 nale\u017cy z\u0142o\u017cy\u0107<\/strong> w Biurze Projektu znajduj\u0105cym si\u0119 na <strong>ul. Konarskiego 22B, pok. 607 do Pani Edyty Ba\u0144ka<\/strong>. W sprawach zwi\u0105zanych z ofertami szkole\u0144, rozeznaniem cenowym oraz fakturami prosimy o kontakt z Pani\u0105 Mart\u0105 Czerneck\u0105.<\/span><\/h3>\n<p style=\"text-align: justify;\">\u00a0<\/p>\n<p>\u00a0<\/p>\n\n\n\n<figure class=\"wp-block-image\"><img decoding=\"async\" src=\"http:\/\/p4s.polsl.pl\/wp-content\/uploads\/2019\/08\/image-27-1024x195.png\" alt=\"Obrazek posiada pusty atrybut alt; plik o nazwie image-27-1024x195.png\"\/><\/figure>\n","protected":false},"excerpt":{"rendered":"<p>&nbsp; Poni\u017csze dokumenty obowi\u0105zuj\u0105 od 03.04.2023 r. &nbsp; REGULAMIN MODU\u0141U VI: \u00a0 DOKUMENTY REKRUTACYJNE NA SZKOLENIE: Do protoko\u0142u z przeprowadzonego rozeznania cenowego nale\u017cy do\u0142\u0105czy\u0107 min. 3 oferty (np. print screen strony z ofert\u0105, mail z ofert\u0105, skan oferty itp.). Nale\u017cy &hellip; <a href=\"https:\/\/p4s.polsl.pl\/?page_id=757\">Czytaj dalej <span class=\"meta-nav\">&rarr;<\/span><\/a><\/p>\n","protected":false},"author":1,"featured_media":0,"parent":0,"menu_order":0,"comment_status":"closed","ping_status":"closed","template":"","meta":[],"_links":{"self":[{"href":"https:\/\/p4s.polsl.pl\/index.php?rest_route=\/wp\/v2\/pages\/757"}],"collection":[{"href":"https:\/\/p4s.polsl.pl\/index.php?rest_route=\/wp\/v2\/pages"}],"about":[{"href":"https:\/\/p4s.polsl.pl\/index.php?rest_route=\/wp\/v2\/types\/page"}],"author":[{"embeddable":true,"href":"https:\/\/p4s.polsl.pl\/index.php?rest_route=\/wp\/v2\/users\/1"}],"replies":[{"embeddable":true,"href":"https:\/\/p4s.polsl.pl\/index.php?rest_route=%2Fwp%2Fv2%2Fcomments&post=757"}],"version-history":[{"count":50,"href":"https:\/\/p4s.polsl.pl\/index.php?rest_route=\/wp\/v2\/pages\/757\/revisions"}],"predecessor-version":[{"id":1288,"href":"https:\/\/p4s.polsl.pl\/index.php?rest_route=\/wp\/v2\/pages\/757\/revisions\/1288"}],"wp:attachment":[{"href":"https:\/\/p4s.polsl.pl\/index.php?rest_route=%2Fwp%2Fv2%2Fmedia&parent=757"}],"curies":[{"name":"wp","href":"https:\/\/api.w.org\/{rel}","templated":true}]}}