{"id":397,"date":"2019-09-24T13:57:45","date_gmt":"2019-09-24T11:57:45","guid":{"rendered":"http:\/\/p4s.polsl.pl\/?page_id=397"},"modified":"2020-12-18T11:49:17","modified_gmt":"2020-12-18T10:49:17","slug":"rodzaje-szkolen","status":"publish","type":"page","link":"https:\/\/p4s.polsl.pl\/?page_id=397","title":{"rendered":"Szkolenia i kursy"},"content":{"rendered":"<p><!--StartFragment--><\/p>\n\n\n<figure class=\"wp-block-image\"><img decoding=\"async\" loading=\"lazy\" width=\"1024\" height=\"188\" src=\"http:\/\/p4s.polsl.pl\/wp-content\/uploads\/2019\/08\/image-32-1024x188.png\" alt=\"\" class=\"wp-image-317\" srcset=\"https:\/\/p4s.polsl.pl\/wp-content\/uploads\/2019\/08\/image-32-1024x188.png 1024w, https:\/\/p4s.polsl.pl\/wp-content\/uploads\/2019\/08\/image-32-400x74.png 400w, https:\/\/p4s.polsl.pl\/wp-content\/uploads\/2019\/08\/image-32-768x141.png 768w, https:\/\/p4s.polsl.pl\/wp-content\/uploads\/2019\/08\/image-32.png 1121w\" sizes=\"(max-width: 1024px) 100vw, 1024px\" \/><\/figure>\n\n\n\n<h3 style=\"text-align: justify;\"><strong><span style=\"color: #000080;\">Mo\u017cliwo\u015b\u0107 uczestnictwa w:<\/span><\/strong><\/h3>\n<h3 style=\"text-align: justify;\"><strong><span style=\"color: #000080;\">I. zewn\u0119trznych i wewn\u0119trznych kursach\/szkoleniach z czterech obszar\u00f3w, dla kt\u00f3rych zdefiniowano nast\u0119puj\u0105ce przyk\u0142adowe zagadnienia:<\/span><\/strong><\/h3>\n<p><strong><span style=\"color: #000000;\"><span style=\"color: #000080;\">Obszar 1.<\/span> Zarz\u0105dzanie zespo\u0142em (kursy\/szkolenia zewn\u0119trzne):<\/span><\/strong><\/p>\n<ul style=\"text-align: justify;\">\n<li><span style=\"color: #000000;\">zarz\u0105dzanie zasobami ludzkimi,<\/span><\/li>\n<li><span style=\"color: #000000;\">odporno\u015b\u0107 na stres \u2013 rozwi\u0105zywanie konflikt\u00f3w,<\/span><\/li>\n<li><span style=\"color: #000000;\">informatyczne narz\u0119dzia wspomagaj\u0105ce prac\u0119 zespo\u0142u, np.:<\/span><\/li>\n<li><span style=\"color: #000000;\">bazy danych i systemy informacji,<\/span><\/li>\n<li><span style=\"color: #000000;\">zaawansowana obs\u0142uga podstawowych program\u00f3w biurowych,<\/span><\/li>\n<li><span style=\"color: #000000;\">projektowanie tre\u015bci w programach graficznych \u2013 grafika wektorowa i\u00a0rastrowa.<\/span><\/li>\n<\/ul>\n<p><strong><span style=\"color: #000000;\"><span style=\"color: #000080;\">Obszar 2.<\/span> Zarz\u0105dzanie finansami (kursy\/szkolenia zewn\u0119trzne):<\/span><\/strong><\/p>\n<ul style=\"text-align: justify;\">\n<li><span style=\"color: #000000;\">ekonomiczna analiza danych w programie zawieraj\u0105cym arkusz kalkulacyjny,<\/span><\/li>\n<li><span style=\"color: #000000;\">zarz\u0105dzanie finansami publicznymi,<\/span><\/li>\n<li><span style=\"color: #000000;\">finansowanie dzia\u0142alno\u015bci popularyzuj\u0105c\u0105 nauk\u0119 &#8211; promocja i marketing (dostosowanie do obowi\u0105zuj\u0105cych przepis\u00f3w prawnych),<\/span><\/li>\n<li><span style=\"color: #000000;\">prowadzenie ksi\u0119gowo\u015bci i rachunkowo\u015bci na uczelni wy\u017cszej wg obowi\u0105zuj\u0105cych przepis\u00f3w prawnych,<\/span><\/li>\n<li><span style=\"color: #000000;\">controlling finansowy,<\/span><\/li>\n<li><span style=\"color: #000000;\">zarz\u0105dzanie ryzykiem.<\/span><\/li>\n<\/ul>\n<p><strong><span style=\"color: #000000;\"><span style=\"color: #000080;\">Obszar 3.<\/span> Absorpcja \u015brodk\u00f3w finansowych (kursy\/szkolenia zewn\u0119trzne i\u00a0wewn\u0119trzne):<\/span><\/strong><\/p>\n<ul style=\"text-align: justify;\">\n<li><span style=\"color: #000000;\">obs\u0142uga projekt\u00f3w na uczelni &#8211; szkolenie wew. adresowane do pracownik\u00f3w adm. jednostek ze szczeg\u00f3lnym uwzgl\u0119dnieniem os\u00f3b oddelegowanych do delegatur Centrum Zarz\u0105dzania Projektami, realizowane przez pracownik\u00f3w administracji centralnej,<\/span><\/li>\n<li><span style=\"color: #000000;\">obs\u0142uga programu dedykowanego do planowania projekt\u00f3w,<\/span><\/li>\n<li><span style=\"color: #000000;\">przepisy prawne reguluj\u0105ce planowanie i realizacj\u0119 projekt\u00f3w,<\/span><\/li>\n<li><span style=\"color: #000000;\">zam\u00f3wienia publiczne,<\/span><\/li>\n<li><span style=\"color: #000000;\">partnerstwo publiczno-prawne w projektach,<\/span><\/li>\n<li><span style=\"color: #000000;\">przeprowadzenie audytu projektu.<\/span><\/li>\n<\/ul>\n<p><strong><span style=\"color: #000000;\"><span style=\"color: #000080;\">Obszar 4.<\/span> Zarz\u0105dzanie informacj\u0105 (kursy\/szkolenia zewn\u0119trzne):<\/span><\/strong><\/p>\n<ul>\n<li style=\"text-align: justify;\"><span style=\"color: #000000;\">popularyzacja nauki,<\/span><\/li>\n<li style=\"text-align: justify;\"><span style=\"color: #000000;\">budowa strony internetowej i zarz\u0105dzanie jej tre\u015bci\u0105 jako podstawowe narz\u0119dzie przep\u0142ywu informacji,<\/span><\/li>\n<li style=\"text-align: justify;\"><span style=\"color: #000000;\">komunikacja z wykorzystaniem medi\u00f3w i technik wirtualizacji,<\/span><\/li>\n<li style=\"text-align: justify;\"><span style=\"color: #000000;\">zarz\u0105dzanie i ochrona informacji niejawnych,<\/span><\/li>\n<li><span style=\"color: #000000;\">j\u0119zyk angielski w zarz\u0105dzaniu informacj\u0105 &#8211; t\u0142umaczenie um\u00f3w, t\u0142umaczenie tre\u015bci informacyjnej na stronach internetowych uczelni, komunikacja z zagranicznymi studentami.<\/span><\/li>\n<\/ul>\n<h3><strong><span style=\"color: #000080;\">II. studiach podnosz\u0105cych kompetencje zarz\u0105dcze (MBA) \u2013 ograniczenie do 10 os\u00f3b.<\/span><\/strong><\/h3>\n<p style=\"text-align: justify;\">\u00a0<\/p>\n\n\n\n<figure class=\"wp-block-image\"><img decoding=\"async\" loading=\"lazy\" width=\"1024\" height=\"195\" src=\"http:\/\/p4s.polsl.pl\/wp-content\/uploads\/2019\/08\/image-33-1024x195.png\" alt=\"\" class=\"wp-image-318\" srcset=\"https:\/\/p4s.polsl.pl\/wp-content\/uploads\/2019\/08\/image-33-1024x195.png 1024w, https:\/\/p4s.polsl.pl\/wp-content\/uploads\/2019\/08\/image-33-400x76.png 400w, https:\/\/p4s.polsl.pl\/wp-content\/uploads\/2019\/08\/image-33-768x146.png 768w, https:\/\/p4s.polsl.pl\/wp-content\/uploads\/2019\/08\/image-33.png 1121w\" sizes=\"(max-width: 1024px) 100vw, 1024px\" \/><\/figure>\n\n\n<p><!--EndFragment--><\/p>","protected":false},"excerpt":{"rendered":"<p>Mo\u017cliwo\u015b\u0107 uczestnictwa w: I. zewn\u0119trznych i wewn\u0119trznych kursach\/szkoleniach z czterech obszar\u00f3w, dla kt\u00f3rych zdefiniowano nast\u0119puj\u0105ce przyk\u0142adowe zagadnienia: Obszar 1. Zarz\u0105dzanie zespo\u0142em (kursy\/szkolenia zewn\u0119trzne): zarz\u0105dzanie zasobami ludzkimi, odporno\u015b\u0107 na stres \u2013 rozwi\u0105zywanie konflikt\u00f3w, informatyczne narz\u0119dzia wspomagaj\u0105ce prac\u0119 zespo\u0142u, np.: bazy danych &hellip; <a href=\"https:\/\/p4s.polsl.pl\/?page_id=397\">Czytaj dalej <span class=\"meta-nav\">&rarr;<\/span><\/a><\/p>\n","protected":false},"author":1,"featured_media":0,"parent":0,"menu_order":0,"comment_status":"closed","ping_status":"closed","template":"","meta":[],"_links":{"self":[{"href":"https:\/\/p4s.polsl.pl\/index.php?rest_route=\/wp\/v2\/pages\/397"}],"collection":[{"href":"https:\/\/p4s.polsl.pl\/index.php?rest_route=\/wp\/v2\/pages"}],"about":[{"href":"https:\/\/p4s.polsl.pl\/index.php?rest_route=\/wp\/v2\/types\/page"}],"author":[{"embeddable":true,"href":"https:\/\/p4s.polsl.pl\/index.php?rest_route=\/wp\/v2\/users\/1"}],"replies":[{"embeddable":true,"href":"https:\/\/p4s.polsl.pl\/index.php?rest_route=%2Fwp%2Fv2%2Fcomments&post=397"}],"version-history":[{"count":10,"href":"https:\/\/p4s.polsl.pl\/index.php?rest_route=\/wp\/v2\/pages\/397\/revisions"}],"predecessor-version":[{"id":922,"href":"https:\/\/p4s.polsl.pl\/index.php?rest_route=\/wp\/v2\/pages\/397\/revisions\/922"}],"wp:attachment":[{"href":"https:\/\/p4s.polsl.pl\/index.php?rest_route=%2Fwp%2Fv2%2Fmedia&parent=397"}],"curies":[{"name":"wp","href":"https:\/\/api.w.org\/{rel}","templated":true}]}}