{"id":326,"date":"2019-09-24T12:57:29","date_gmt":"2019-09-24T10:57:29","guid":{"rendered":"http:\/\/p4s.polsl.pl\/?page_id=326"},"modified":"2022-12-18T08:19:16","modified_gmt":"2022-12-18T07:19:16","slug":"dla-studentow-i-doktorantow","status":"publish","type":"page","link":"https:\/\/p4s.polsl.pl\/?page_id=326","title":{"rendered":"Dla student\u00f3w"},"content":{"rendered":"\n<figure class=\"wp-block-image\"><img decoding=\"async\" src=\"http:\/\/p4s.polsl.pl\/wp-content\/uploads\/2019\/08\/image-28-1024x188.png\" alt=\"Obrazek posiada pusty atrybut alt; plik o nazwie image-28-1024x188.png\"\/><\/figure>\n\n\n\n<h1><strong><span style=\"color: #ff6600;\">Dokumenty do pobrania dla student\u00f3w\u00a0<\/span><\/strong><\/h1>\n<p> <\/p>\n<div class=\"wp-block-file\"><a href=\"http:\/\/p4s.polsl.pl\/wp-content\/uploads\/2020\/11\/Zal-nr-1a-Formularz-zgloszeniowy-studenta.docx\">1_Formularz-zgloszeniowy-studenta<\/a><a class=\"wp-block-file__button\" href=\"http:\/\/p4s.polsl.pl\/wp-content\/uploads\/2020\/11\/Zal-nr-1a-Formularz-zgloszeniowy-studenta.docx\" download=\"\">Pobierz<\/a><\/div>\n<p> <\/p>\n<div class=\"wp-block-file\"><a href=\"http:\/\/p4s.polsl.pl\/wp-content\/uploads\/2020\/11\/Zal-nr-5-Deklaracja-uczestnictwa.docx\">2_Deklaracja-uczestnictwa<\/a><a class=\"wp-block-file__button\" href=\"http:\/\/p4s.polsl.pl\/wp-content\/uploads\/2020\/11\/Zal-nr-5-Deklaracja-uczestnictwa.docx\" download=\"\">Pobierz<\/a><\/div>\n<p> <\/p>\n<div class=\"wp-block-file\"><a href=\"http:\/\/p4s.polsl.pl\/wp-content\/uploads\/2020\/11\/Zal-nr-6-do-Reg_Proj_Formularz-monitorowania-uczestnictwa.docx\"> 3_Formularz-monitorowania-studenta <\/a><a class=\"wp-block-file__button\" href=\"http:\/\/p4s.polsl.pl\/wp-content\/uploads\/2020\/11\/Zal-nr-6-do-Reg_Proj_Formularz-monitorowania-uczestnictwa.docx\" download=\"\">Pobierz<\/a><\/div>\n<p> <\/p>\n<div class=\"wp-block-file\"><a href=\"http:\/\/p4s.polsl.pl\/wp-content\/uploads\/2020\/11\/Zal-nr-7-Oswiadczenie-uczestnika-projektu.docx\">4_Oswiadczenie-uczestnika-projektu<\/a><a class=\"wp-block-file__button\" href=\"http:\/\/p4s.polsl.pl\/wp-content\/uploads\/2020\/11\/Zal-nr-7-Oswiadczenie-uczestnika-projektu.docx\" download=\"\">Pobierz<\/a><\/div>\n<p> <\/p>\n<div class=\"wp-block-file\"><a href=\"https:\/\/p4s.polsl.pl\/wp-content\/uploads\/2022\/12\/Umowa-uczestnictwa-w-projekcie.pdf\">5. Umowa-uczestnictwa-w-projekcie<\/a><a class=\"wp-block-file__button\" href=\"https:\/\/p4s.polsl.pl\/wp-content\/uploads\/2022\/12\/Umowa-uczestnictwa-w-projekcie.pdf\" download=\"\">Pobierz<\/a><\/div>\n<p> <\/p>\n<p style=\"text-align: justify;\"><strong><span style=\"color: #ff6600;\">UWAGA!<\/span> <span style=\"color: #000000;\">Umow\u0119 nale\u017cy wydrukowa\u0107 i podpisa\u0107 w<\/span> <span style=\"color: #ff6600;\">dw\u00f3ch<\/span> <span style=\"color: #000000;\">egzemplarzach<\/span><\/strong><span style=\"color: #000000;\">.<\/span><\/p>\n<p> <\/p>\n<div class=\"wp-block-file\"><a href=\"http:\/\/p4s.polsl.pl\/wp-content\/uploads\/2020\/11\/Zal-nr-1a-Zaswiadczenie-o-byciu-studentem.docx\">6_Zaswiadczenie-o-byciu-studentem<\/a><a class=\"wp-block-file__button\" href=\"http:\/\/p4s.polsl.pl\/wp-content\/uploads\/2020\/11\/Zal-nr-1a-Zaswiadczenie-o-byciu-studentem.docx\" download=\"\">Pobierz<\/a><\/div>\n<p> <\/p>\n<p style=\"text-align: justify;\"><span style=\"color: #ff6600;\"><strong>Uwaga!<\/strong> <\/span><span style=\"color: #000000;\">Dokumenty powinny by dostarczone do Biura Projektu w orygina\u0142ach osobi\u015bcie lub za pomoc\u0105 poczty wewn\u0119trznej lub poczty tradycyjnej.<\/span><\/p>\n<p><\/p>\n<!-- \/wp:tadv\/classic-paragraph -->\n\n<!-- wp:tadv\/classic-paragraph -->\n<h1>\u00a0<\/h1>\n<h1><span style=\"color: #ff6600;\"><strong>Dokumenty do pobrania dla uczestnik\u00f3w sta\u017cu<\/strong><\/span><\/h1>\n<!-- \/wp:tadv\/classic-paragraph -->\n\n<!-- wp:file {\"id\":484,\"href\":\"http:\/\/p4s.polsl.pl\/wp-content\/uploads\/2019\/09\/Regulamin-sta\u017cu.docx\"} -->\n<div class=\"wp-block-file\"><a href=\"http:\/\/p4s.polsl.pl\/wp-content\/uploads\/2019\/09\/Regulamin-sta\u017cu.docx\">Regulamin sta\u017cu<\/a><a href=\"http:\/\/p4s.polsl.pl\/wp-content\/uploads\/2019\/09\/Regulamin-sta\u017cu.docx\" class=\"wp-block-file__button\" download>Pobierz<\/a><\/div>\n<!-- \/wp:file -->\n\n<!-- wp:file {\"id\":487,\"href\":\"http:\/\/p4s.polsl.pl\/wp-content\/uploads\/2019\/09\/Umowa-120h.docx\"} -->\n<div class=\"wp-block-file\"><a href=\"http:\/\/p4s.polsl.pl\/wp-content\/uploads\/2019\/09\/Umowa-120h.docx\">Umowa-120h<\/a><a href=\"http:\/\/p4s.polsl.pl\/wp-content\/uploads\/2019\/09\/Umowa-120h.docx\" class=\"wp-block-file__button\" download>Pobierz<\/a><\/div>\n<!-- \/wp:file -->\n\n<!-- wp:file {\"id\":482,\"href\":\"http:\/\/p4s.polsl.pl\/wp-content\/uploads\/2019\/09\/Za\u015bwiadczenie.docx\"} -->\n<div class=\"wp-block-file\"><a href=\"http:\/\/p4s.polsl.pl\/wp-content\/uploads\/2019\/09\/Za\u015bwiadczenie.docx\">Za\u015bwiadczenie<\/a><a href=\"http:\/\/p4s.polsl.pl\/wp-content\/uploads\/2019\/09\/Za\u015bwiadczenie.docx\" class=\"wp-block-file__button\" download>Pobierz<\/a><\/div>\n<!-- \/wp:file -->\n\n<!-- wp:file {\"id\":481,\"href\":\"http:\/\/p4s.polsl.pl\/wp-content\/uploads\/2019\/09\/o\u015bwiadczenie-o-zatrudnieniu.docx\"} -->\n<div class=\"wp-block-file\"><a href=\"http:\/\/p4s.polsl.pl\/wp-content\/uploads\/2019\/09\/o\u015bwiadczenie-o-zatrudnieniu.docx\">O\u015bwiadczenie o zatrudnieniu<\/a><a href=\"http:\/\/p4s.polsl.pl\/wp-content\/uploads\/2019\/09\/o\u015bwiadczenie-o-zatrudnieniu.docx\" class=\"wp-block-file__button\" download>Pobierz<\/a><\/div>\n<!-- \/wp:file -->\n\n<!-- wp:file {\"id\":483,\"href\":\"http:\/\/p4s.polsl.pl\/wp-content\/uploads\/2019\/09\/Lista-obecno\u015bci.docx\"} -->\n<div class=\"wp-block-file\"><a href=\"http:\/\/p4s.polsl.pl\/wp-content\/uploads\/2019\/09\/Lista-obecno\u015bci.docx\">Lista obecno\u015bci<\/a><a href=\"http:\/\/p4s.polsl.pl\/wp-content\/uploads\/2019\/09\/Lista-obecno\u015bci.docx\" class=\"wp-block-file__button\" download>Pobierz<\/a><\/div>\n<!-- \/wp:file -->\n\n<!-- wp:file {\"id\":485,\"href\":\"http:\/\/p4s.polsl.pl\/wp-content\/uploads\/2019\/09\/Formularz-zg\u0142oszeniowy-Pracodawcy.docx\"} -->\n<div class=\"wp-block-file\"><a href=\"http:\/\/p4s.polsl.pl\/wp-content\/uploads\/2019\/09\/Formularz-zg\u0142oszeniowy-Pracodawcy.docx\">Formularz zg\u0142oszeniowy Pracodawcy<\/a><a href=\"http:\/\/p4s.polsl.pl\/wp-content\/uploads\/2019\/09\/Formularz-zg\u0142oszeniowy-Pracodawcy.docx\" class=\"wp-block-file__button\" download>Pobierz<\/a><\/div>\n<!-- \/wp:file -->\n\n<!-- wp:file {\"id\":486,\"href\":\"http:\/\/p4s.polsl.pl\/wp-content\/uploads\/2019\/09\/FORMULARZ-REKRUTACYJNY.docx\"} -->\n<div class=\"wp-block-file\"><a href=\"http:\/\/p4s.polsl.pl\/wp-content\/uploads\/2019\/09\/FORMULARZ-REKRUTACYJNY.docx\">Formularz rekrutacyjny<\/a><a href=\"http:\/\/p4s.polsl.pl\/wp-content\/uploads\/2019\/09\/FORMULARZ-REKRUTACYJNY.docx\" class=\"wp-block-file__button\" download>Pobierz<\/a><\/div>\n<!-- \/wp:file -->\n\n<!-- wp:file {\"id\":480,\"href\":\"http:\/\/p4s.polsl.pl\/wp-content\/uploads\/2019\/09\/Sprawozdanie.docx\"} -->\n<div class=\"wp-block-file\"><a href=\"http:\/\/p4s.polsl.pl\/wp-content\/uploads\/2019\/09\/Sprawozdanie.docx\">Sprawozdanie<\/a><a href=\"http:\/\/p4s.polsl.pl\/wp-content\/uploads\/2019\/09\/Sprawozdanie.docx\" class=\"wp-block-file__button\" download>Pobierz<\/a><\/div>\n<!-- \/wp:file -->\n\n<!-- wp:image -->\n<figure class=\"wp-block-image\"><img decoding=\"async\" src=\"http:\/\/p4s.polsl.pl\/wp-content\/uploads\/2019\/08\/image-29-1024x195.png\" alt=\"Obrazek posiada pusty atrybut alt; plik o nazwie image-29-1024x195.png\"\/><\/figure>\n<!-- \/wp:image -->","protected":false},"excerpt":{"rendered":"<p>Dokumenty do pobrania dla student\u00f3w\u00a0 UWAGA! Umow\u0119 nale\u017cy wydrukowa\u0107 i podpisa\u0107 w dw\u00f3ch egzemplarzach. Uwaga! Dokumenty powinny by dostarczone do Biura Projektu w orygina\u0142ach osobi\u015bcie lub za pomoc\u0105 poczty wewn\u0119trznej lub poczty tradycyjnej. \u00a0 Dokumenty do pobrania dla uczestnik\u00f3w sta\u017cu &hellip; <a href=\"https:\/\/p4s.polsl.pl\/?page_id=326\">Czytaj dalej <span class=\"meta-nav\">&rarr;<\/span><\/a><\/p>\n","protected":false},"author":1,"featured_media":0,"parent":0,"menu_order":0,"comment_status":"closed","ping_status":"closed","template":"","meta":[],"_links":{"self":[{"href":"https:\/\/p4s.polsl.pl\/index.php?rest_route=\/wp\/v2\/pages\/326"}],"collection":[{"href":"https:\/\/p4s.polsl.pl\/index.php?rest_route=\/wp\/v2\/pages"}],"about":[{"href":"https:\/\/p4s.polsl.pl\/index.php?rest_route=\/wp\/v2\/types\/page"}],"author":[{"embeddable":true,"href":"https:\/\/p4s.polsl.pl\/index.php?rest_route=\/wp\/v2\/users\/1"}],"replies":[{"embeddable":true,"href":"https:\/\/p4s.polsl.pl\/index.php?rest_route=%2Fwp%2Fv2%2Fcomments&post=326"}],"version-history":[{"count":23,"href":"https:\/\/p4s.polsl.pl\/index.php?rest_route=\/wp\/v2\/pages\/326\/revisions"}],"predecessor-version":[{"id":1078,"href":"https:\/\/p4s.polsl.pl\/index.php?rest_route=\/wp\/v2\/pages\/326\/revisions\/1078"}],"wp:attachment":[{"href":"https:\/\/p4s.polsl.pl\/index.php?rest_route=%2Fwp%2Fv2%2Fmedia&parent=326"}],"curies":[{"name":"wp","href":"https:\/\/api.w.org\/{rel}","templated":true}]}}