{"id":324,"date":"2019-09-24T12:56:57","date_gmt":"2019-09-24T10:56:57","guid":{"rendered":"http:\/\/p4s.polsl.pl\/?page_id=324"},"modified":"2022-12-18T08:40:13","modified_gmt":"2022-12-18T07:40:13","slug":"dokumenty-2","status":"publish","type":"page","link":"https:\/\/p4s.polsl.pl\/?page_id=324","title":{"rendered":"Dokumenty"},"content":{"rendered":"\n<figure class=\"wp-block-image\"><img decoding=\"async\" src=\"http:\/\/p4s.polsl.pl\/wp-content\/uploads\/2019\/08\/image-28-1024x188.png\" alt=\"Obrazek posiada pusty atrybut alt; plik o nazwie image-28-1024x188.png\"\/><\/figure>\n\n\n\n<h1><span style=\"color: #ff6600;\"><strong data-rich-text-format-boundary=\"true\">Og\u00f3lny regulamin projektu POWER<\/strong><\/span><\/h1>\n\n\n\n\n\n<div class=\"wp-block-file\"><a href=\"https:\/\/p4s.polsl.pl\/wp-content\/uploads\/2022\/12\/Regulamin-projektu-POWER_og\u00f3lny-1.pdf\">Regulamin-projektu-POWER_og\u00f3lny-1<\/a><a href=\"https:\/\/p4s.polsl.pl\/wp-content\/uploads\/2022\/12\/Regulamin-projektu-POWER_og\u00f3lny-1.pdf\" class=\"wp-block-file__button\" download>Pobierz<\/a><\/div>\n\n\n\n<h1>&nbsp;<\/h1>\n<h1><strong><span style=\"color: #ff6600;\">Dokumenty do pobrania dla student\u00f3w&nbsp;<\/span><\/strong><\/h1>\n\n\n\n<div class=\"wp-block-file\"><a href=\"http:\/\/p4s.polsl.pl\/wp-content\/uploads\/2020\/11\/Zal-nr-1a-Formularz-zgloszeniowy-studenta.docx\">1_Formularz-zgloszeniowy-studenta<\/a><a href=\"http:\/\/p4s.polsl.pl\/wp-content\/uploads\/2020\/11\/Zal-nr-1a-Formularz-zgloszeniowy-studenta.docx\" class=\"wp-block-file__button\" download>Pobierz<\/a><\/div>\n\n\n\n<div class=\"wp-block-file\"><a href=\"http:\/\/p4s.polsl.pl\/wp-content\/uploads\/2020\/11\/Zal-nr-5-Deklaracja-uczestnictwa.docx\">2_Deklaracja-uczestnictwa<\/a><a href=\"http:\/\/p4s.polsl.pl\/wp-content\/uploads\/2020\/11\/Zal-nr-5-Deklaracja-uczestnictwa.docx\" class=\"wp-block-file__button\" download>Pobierz<\/a><\/div>\n\n\n\n<div class=\"wp-block-file\"><a href=\"http:\/\/p4s.polsl.pl\/wp-content\/uploads\/2020\/11\/Zal-nr-6-do-Reg_Proj_Formularz-monitorowania-uczestnictwa.docx\"> 3_Formularz-monitorowania-studenta <\/a><a href=\"http:\/\/p4s.polsl.pl\/wp-content\/uploads\/2020\/11\/Zal-nr-6-do-Reg_Proj_Formularz-monitorowania-uczestnictwa.docx\" class=\"wp-block-file__button\" download>Pobierz<\/a><\/div>\n\n\n\n<div class=\"wp-block-file\"><a href=\"http:\/\/p4s.polsl.pl\/wp-content\/uploads\/2020\/11\/Zal-nr-7-Oswiadczenie-uczestnika-projektu.docx\">4_Oswiadczenie-uczestnika-projektu<\/a><a href=\"http:\/\/p4s.polsl.pl\/wp-content\/uploads\/2020\/11\/Zal-nr-7-Oswiadczenie-uczestnika-projektu.docx\" class=\"wp-block-file__button\" download>Pobierz<\/a><\/div>\n\n\n\n<div class=\"wp-block-file\"><a href=\"https:\/\/p4s.polsl.pl\/wp-content\/uploads\/2022\/12\/Umowa-uczestnictwa-w-projekcie.pdf\">5. Umowa-uczestnictwa-w-projekcie<\/a><a href=\"https:\/\/p4s.polsl.pl\/wp-content\/uploads\/2022\/12\/Umowa-uczestnictwa-w-projekcie.pdf\" class=\"wp-block-file__button\" download>Pobierz<\/a><\/div>\n\n\n\n<p style=\"text-align: justify;\"><strong><span style=\"color: #ff6600;\">UWAGA!<\/span> <span style=\"color: #000000;\">Umow\u0119 nale\u017cy wydrukowa\u0107 i podpisa\u0107 w<\/span> <span style=\"color: #ff6600;\">dw\u00f3ch<\/span> <span style=\"color: #000000;\">egzemplarzach<\/span><\/strong><span style=\"color: #000000;\">.<\/span><\/p>\n\n\n\n<div class=\"wp-block-file\"><a href=\"http:\/\/p4s.polsl.pl\/wp-content\/uploads\/2020\/11\/Zal-nr-1a-Zaswiadczenie-o-byciu-studentem.docx\">6_Zaswiadczenie-o-byciu-studentem<\/a><a href=\"http:\/\/p4s.polsl.pl\/wp-content\/uploads\/2020\/11\/Zal-nr-1a-Zaswiadczenie-o-byciu-studentem.docx\" class=\"wp-block-file__button\" download>Pobierz<\/a><\/div>\n\n\n\n<p style=\"text-align: justify;\"><span style=\"color: #ff6600;\"><strong>Uwaga!<\/strong> <\/span><span style=\"color: #000000;\">Dokumenty powinny by dostarczone do Biura Projektu w orygina\u0142ach osobi\u015bcie lub za pomoc\u0105 poczty wewn\u0119trznej lub poczty tradycyjnej.<\/span><\/p>\n\n\n\n\n<h1>\u00a0<\/h1>\n<h1><span style=\"color: #ff6600;\"><strong>Dokumenty do pobrania dla uczestnik\u00f3w sta\u017cu<\/strong><\/span><\/h1>\n<p><!-- \/wp:tadv\/classic-paragraph --> <!-- wp:file {\"id\":484,\"href\":\"http:\/\/p4s.polsl.pl\/wp-content\/uploads\/2019\/09\/Regulamin-sta\u017cu.docx\"} --><\/p>\n<div class=\"wp-block-file\"><a href=\"http:\/\/p4s.polsl.pl\/wp-content\/uploads\/2019\/09\/Regulamin-sta\u017cu.docx\">Regulamin sta\u017cu<\/a><a class=\"wp-block-file__button\" href=\"http:\/\/p4s.polsl.pl\/wp-content\/uploads\/2019\/09\/Regulamin-sta\u017cu.docx\" download=\"\">Pobierz<\/a><\/div>\n<p><!-- \/wp:file --> <!-- wp:file {\"id\":487,\"href\":\"http:\/\/p4s.polsl.pl\/wp-content\/uploads\/2019\/09\/Umowa-120h.docx\"} --><\/p>\n<div class=\"wp-block-file\"><a href=\"http:\/\/p4s.polsl.pl\/wp-content\/uploads\/2019\/09\/Umowa-120h.docx\">Umowa-120h<\/a><a class=\"wp-block-file__button\" href=\"http:\/\/p4s.polsl.pl\/wp-content\/uploads\/2019\/09\/Umowa-120h.docx\" download=\"\">Pobierz<\/a><\/div>\n<p><!-- \/wp:file --> <!-- wp:file {\"id\":482,\"href\":\"http:\/\/p4s.polsl.pl\/wp-content\/uploads\/2019\/09\/Za\u015bwiadczenie.docx\"} --><\/p>\n<div class=\"wp-block-file\"><a href=\"http:\/\/p4s.polsl.pl\/wp-content\/uploads\/2019\/09\/Za\u015bwiadczenie.docx\">Za\u015bwiadczenie<\/a><a class=\"wp-block-file__button\" href=\"http:\/\/p4s.polsl.pl\/wp-content\/uploads\/2019\/09\/Za\u015bwiadczenie.docx\" download=\"\">Pobierz<\/a><\/div>\n<p><!-- \/wp:file --> <!-- wp:file {\"id\":481,\"href\":\"http:\/\/p4s.polsl.pl\/wp-content\/uploads\/2019\/09\/o\u015bwiadczenie-o-zatrudnieniu.docx\"} --><\/p>\n<div class=\"wp-block-file\"><a href=\"http:\/\/p4s.polsl.pl\/wp-content\/uploads\/2019\/09\/o\u015bwiadczenie-o-zatrudnieniu.docx\">O\u015bwiadczenie o zatrudnieniu<\/a><a class=\"wp-block-file__button\" href=\"http:\/\/p4s.polsl.pl\/wp-content\/uploads\/2019\/09\/o\u015bwiadczenie-o-zatrudnieniu.docx\" download=\"\">Pobierz<\/a><\/div>\n<p><!-- \/wp:file --> <!-- wp:file {\"id\":483,\"href\":\"http:\/\/p4s.polsl.pl\/wp-content\/uploads\/2019\/09\/Lista-obecno\u015bci.docx\"} --><\/p>\n<div class=\"wp-block-file\"><a href=\"http:\/\/p4s.polsl.pl\/wp-content\/uploads\/2019\/09\/Lista-obecno\u015bci.docx\">Lista obecno\u015bci<\/a><a class=\"wp-block-file__button\" href=\"http:\/\/p4s.polsl.pl\/wp-content\/uploads\/2019\/09\/Lista-obecno\u015bci.docx\" download=\"\">Pobierz<\/a><\/div>\n<p><!-- \/wp:file --> <!-- wp:file {\"id\":485,\"href\":\"http:\/\/p4s.polsl.pl\/wp-content\/uploads\/2019\/09\/Formularz-zg\u0142oszeniowy-Pracodawcy.docx\"} --><\/p>\n<div class=\"wp-block-file\"><a href=\"http:\/\/p4s.polsl.pl\/wp-content\/uploads\/2019\/09\/Formularz-zg\u0142oszeniowy-Pracodawcy.docx\">Formularz zg\u0142oszeniowy Pracodawcy<\/a><a class=\"wp-block-file__button\" href=\"http:\/\/p4s.polsl.pl\/wp-content\/uploads\/2019\/09\/Formularz-zg\u0142oszeniowy-Pracodawcy.docx\" download=\"\">Pobierz<\/a><\/div>\n<p><!-- \/wp:file --> <!-- wp:file {\"id\":486,\"href\":\"http:\/\/p4s.polsl.pl\/wp-content\/uploads\/2019\/09\/FORMULARZ-REKRUTACYJNY.docx\"} --><\/p>\n<div class=\"wp-block-file\"><a href=\"http:\/\/p4s.polsl.pl\/wp-content\/uploads\/2019\/09\/FORMULARZ-REKRUTACYJNY.docx\">Formularz rekrutacyjny<\/a><a class=\"wp-block-file__button\" href=\"http:\/\/p4s.polsl.pl\/wp-content\/uploads\/2019\/09\/FORMULARZ-REKRUTACYJNY.docx\" download=\"\">Pobierz<\/a><\/div>\n<p><!-- \/wp:file --> <!-- wp:file {\"id\":480,\"href\":\"http:\/\/p4s.polsl.pl\/wp-content\/uploads\/2019\/09\/Sprawozdanie.docx\"} --><\/p>\n<div class=\"wp-block-file\"><a href=\"http:\/\/p4s.polsl.pl\/wp-content\/uploads\/2019\/09\/Sprawozdanie.docx\">Sprawozdanie<\/a><a class=\"wp-block-file__button\" href=\"http:\/\/p4s.polsl.pl\/wp-content\/uploads\/2019\/09\/Sprawozdanie.docx\" download=\"\">Pobierz<\/a><\/div>\n<p><!-- \/wp:file --><\/p>\n<p><!-- wp:tadv\/classic-paragraph --><\/p>\n<div class=\"wp-block-file\">\u00a0<\/div>\n<p><!-- \/wp:file --><\/p>\n<p><!-- wp:image --><\/p>\n<figure class=\"wp-block-image\"><\/figure>\n<p><!-- \/wp:image --><\/p>\n<p><!-- wp:tadv\/classic-paragraph --><\/p>\n<h1><span style=\"color: #ff6600;\"><strong>Dokumenty do pobrania dla doktorant\u00f3w<\/strong><\/span><\/h1>\n<p><!-- \/wp:tadv\/classic-paragraph --><\/p>\n<p><!-- wp:file {\"id\":603,\"href\":\"http:\/\/p4s.polsl.pl\/wp-content\/uploads\/2019\/10\/1_Formularz-zgloszeniowy-doktoranta-3.docx\"} --><\/p>\n<div class=\"wp-block-file\"><a href=\"http:\/\/p4s.polsl.pl\/wp-content\/uploads\/2019\/10\/1_Formularz-zgloszeniowy-doktoranta-3.docx\">Formularz zg\u0142oszeniowy doktoranta<\/a><a class=\"wp-block-file__button\" href=\"http:\/\/p4s.polsl.pl\/wp-content\/uploads\/2019\/10\/1_Formularz-zgloszeniowy-doktoranta-3.docx\" download=\"\">Pobierz<\/a><\/div>\n<p><!-- \/wp:file --><\/p>\n<p><!-- wp:file {\"id\":604,\"href\":\"http:\/\/p4s.polsl.pl\/wp-content\/uploads\/2019\/10\/2_Deklaracja_uczestnictwa-3.docx\"} --><\/p>\n<div class=\"wp-block-file\"><a href=\"http:\/\/p4s.polsl.pl\/wp-content\/uploads\/2019\/10\/2_Deklaracja_uczestnictwa-3.docx\">Deklaracja uczestnictwa <\/a><a class=\"wp-block-file__button\" href=\"http:\/\/p4s.polsl.pl\/wp-content\/uploads\/2019\/10\/2_Deklaracja_uczestnictwa-3.docx\" download=\"\">Pobierz<\/a><\/div>\n<p><!-- \/wp:file --><\/p>\n<h1>\u00a0<\/h1>\n<h1><span style=\"color: #ff6600;\"><strong>Dokumenty dla pracownik\u00f3w<\/strong><\/span><\/h1>\n<p><!-- \/wp:tadv\/classic-paragraph --><\/p>\n<p><!-- wp:file {\"id\":346,\"href\":\"http:\/\/p4s.polsl.pl\/wp-content\/uploads\/2019\/09\/Karta-czasu-pracy.doc\"} --><\/p>\n<div class=\"wp-block-file\"><a href=\"http:\/\/p4s.polsl.pl\/wp-content\/uploads\/2019\/09\/Karta-czasu-pracy.doc\">Karta-czasu-pracy<\/a><a class=\"wp-block-file__button\" href=\"http:\/\/p4s.polsl.pl\/wp-content\/uploads\/2019\/09\/Karta-czasu-pracy.doc\" download=\"\">Pobierz<\/a><\/div>\n<p><!-- \/wp:file --><\/p>\n<p><!-- wp:file {\"id\":347,\"href\":\"http:\/\/p4s.polsl.pl\/wp-content\/uploads\/2019\/09\/O\u015bwiadczenie-personelu-o-zaanga\u017cowaniu-FS-2014-2020.doc\"} --><\/p>\n<div class=\"wp-block-file\"><a href=\"http:\/\/p4s.polsl.pl\/wp-content\/uploads\/2019\/09\/O\u015bwiadczenie-personelu-o-zaanga\u017cowaniu-FS-2014-2020.doc\">O\u015bwiadczenie-personelu-o-zaanga\u017cowaniu-FS-2014-2020<\/a><a class=\"wp-block-file__button\" href=\"http:\/\/p4s.polsl.pl\/wp-content\/uploads\/2019\/09\/O\u015bwiadczenie-personelu-o-zaanga\u017cowaniu-FS-2014-2020.doc\" download=\"\">Pobierz<\/a><\/div>\n<p><!-- \/wp:file --><\/p>\n<p><!-- wp:file {\"id\":349,\"href\":\"http:\/\/p4s.polsl.pl\/wp-content\/uploads\/2019\/09\/O\u015bwiadczenie-personelu-RODO.doc\"} --><\/p>\n<div class=\"wp-block-file\"><a href=\"http:\/\/p4s.polsl.pl\/wp-content\/uploads\/2019\/09\/O\u015bwiadczenie-personelu-RODO.doc\">O\u015bwiadczenie-personelu-RODO<\/a><a class=\"wp-block-file__button\" href=\"http:\/\/p4s.polsl.pl\/wp-content\/uploads\/2019\/09\/O\u015bwiadczenie-personelu-RODO.doc\" download=\"\">Pobierz<\/a><\/div>\n<p><!-- \/wp:file --><\/p>\n<p><!-- wp:file {\"id\":348,\"href\":\"http:\/\/p4s.polsl.pl\/wp-content\/uploads\/2019\/09\/Upowa\u017cnienie-do-przetwarzania-danych-osobowych.docx\"} --><\/p>\n<div class=\"wp-block-file\"><a href=\"http:\/\/p4s.polsl.pl\/wp-content\/uploads\/2019\/09\/Upowa\u017cnienie-do-przetwarzania-danych-osobowych.docx\">Upowa\u017cnienie-do-przetwarzania-danych-osobowych<\/a><a class=\"wp-block-file__button\" href=\"http:\/\/p4s.polsl.pl\/wp-content\/uploads\/2019\/09\/Upowa\u017cnienie-do-przetwarzania-danych-osobowych.docx\" download=\"\">Pobierz<\/a><\/div>\n<p><!-- \/wp:file --><\/p>\n<h2><span style=\"color: #000000;\"><strong>Identyfikacja wizualna projektu<\/strong><\/span><\/h2>\n<p><!-- wp:file {\"id\":525,\"href\":\"http:\/\/p4s.polsl.pl\/wp-content\/uploads\/2019\/10\/logo-2.png\"} --><\/p>\n<div class=\"wp-block-file\"><a href=\"http:\/\/p4s.polsl.pl\/wp-content\/uploads\/2019\/10\/logo-2.png\">Logo-2<\/a><a class=\"wp-block-file__button\" href=\"http:\/\/p4s.polsl.pl\/wp-content\/uploads\/2019\/10\/logo-2.png\" download=\"\">Pobierz<\/a><\/div>\n<p><!-- \/wp:file --><\/p>\n<p><!-- wp:file {\"id\":528,\"href\":\"http:\/\/p4s.polsl.pl\/wp-content\/uploads\/2019\/10\/logo_mono-1.png\"} --><\/p>\n<div class=\"wp-block-file\"><a href=\"http:\/\/p4s.polsl.pl\/wp-content\/uploads\/2019\/10\/logo_mono-1.png\">Logo_mono-1<\/a><a class=\"wp-block-file__button\" href=\"http:\/\/p4s.polsl.pl\/wp-content\/uploads\/2019\/10\/logo_mono-1.png\" download=\"\">Pobierz<\/a><\/div>\n<p><!-- \/wp:file --><\/p>\n<p><!-- wp:file {\"id\":526,\"href\":\"http:\/\/p4s.polsl.pl\/wp-content\/uploads\/2019\/10\/Prezentacja-z-projektu-POWER-BW-1.pptx\"} --><\/p>\n<div class=\"wp-block-file\"><a href=\"http:\/\/p4s.polsl.pl\/wp-content\/uploads\/2019\/10\/Prezentacja-z-projektu-POWER-BW-1.pptx\">Prezentacja-z-projektu-POWER-BW-1<\/a><a class=\"wp-block-file__button\" href=\"http:\/\/p4s.polsl.pl\/wp-content\/uploads\/2019\/10\/Prezentacja-z-projektu-POWER-BW-1.pptx\" download=\"\">Pobierz<\/a><\/div>\n<p><!-- \/wp:file --><\/p>\n<p><!-- wp:file {\"id\":527,\"href\":\"http:\/\/p4s.polsl.pl\/wp-content\/uploads\/2019\/10\/Prezentacja-z-projektu-POWER-kolor-1.pptx\"} --><\/p>\n<div class=\"wp-block-file\"><a href=\"http:\/\/p4s.polsl.pl\/wp-content\/uploads\/2019\/10\/Prezentacja-z-projektu-POWER-kolor-1.pptx\">Prezentacja-z-projektu-POWER-kolor-1<\/a><a class=\"wp-block-file__button\" href=\"http:\/\/p4s.polsl.pl\/wp-content\/uploads\/2019\/10\/Prezentacja-z-projektu-POWER-kolor-1.pptx\" download=\"\">Pobierz<\/a><\/div>\n<p><!-- \/wp:file --><\/p>\n<p><!-- wp:file {\"id\":530,\"href\":\"http:\/\/p4s.polsl.pl\/wp-content\/uploads\/2019\/10\/Szablon_materialy-dodatkowe-BW-1.docx\"} --><\/p>\n<div class=\"wp-block-file\"><a href=\"http:\/\/p4s.polsl.pl\/wp-content\/uploads\/2019\/10\/Szablon_materialy-dodatkowe-BW-1.docx\">Szablon_materialy-dodatkowe-BW-1<\/a><a class=\"wp-block-file__button\" href=\"http:\/\/p4s.polsl.pl\/wp-content\/uploads\/2019\/10\/Szablon_materialy-dodatkowe-BW-1.docx\" download=\"\">Pobierz<\/a><\/div>\n<p><!-- \/wp:file --><\/p>\n<p><!-- wp:file {\"id\":529,\"href\":\"http:\/\/p4s.polsl.pl\/wp-content\/uploads\/2019\/10\/Szablon_materialy-dodatkowe-kolor-1.docx\"} --><\/p>\n<div class=\"wp-block-file\"><a href=\"http:\/\/p4s.polsl.pl\/wp-content\/uploads\/2019\/10\/Szablon_materialy-dodatkowe-kolor-1.docx\">Szablon_materialy-dodatkowe-kolor-1<\/a><a class=\"wp-block-file__button\" href=\"http:\/\/p4s.polsl.pl\/wp-content\/uploads\/2019\/10\/Szablon_materialy-dodatkowe-kolor-1.docx\" download=\"\">Pobierz<\/a><\/div>\n<p><!-- wp:image --><\/p>\n<figure class=\"wp-block-image\"><img decoding=\"async\" src=\"http:\/\/p4s.polsl.pl\/wp-content\/uploads\/2019\/08\/image-29-1024x195.png\" alt=\"Obrazek posiada pusty atrybut alt; plik o nazwie image-29-1024x195.png\" \/><\/figure>\n<p><!-- \/wp:image --><\/p>","protected":false},"excerpt":{"rendered":"<p>Og\u00f3lny regulamin projektu POWER &nbsp; Dokumenty do pobrania dla student\u00f3w&nbsp; UWAGA! Umow\u0119 nale\u017cy wydrukowa\u0107 i podpisa\u0107 w dw\u00f3ch egzemplarzach. Uwaga! Dokumenty powinny by dostarczone do Biura Projektu w orygina\u0142ach osobi\u015bcie lub za pomoc\u0105 poczty wewn\u0119trznej lub poczty tradycyjnej. \u00a0 Dokumenty &hellip; <a href=\"https:\/\/p4s.polsl.pl\/?page_id=324\">Czytaj dalej <span class=\"meta-nav\">&rarr;<\/span><\/a><\/p>\n","protected":false},"author":1,"featured_media":0,"parent":0,"menu_order":0,"comment_status":"closed","ping_status":"closed","template":"","meta":[],"_links":{"self":[{"href":"https:\/\/p4s.polsl.pl\/index.php?rest_route=\/wp\/v2\/pages\/324"}],"collection":[{"href":"https:\/\/p4s.polsl.pl\/index.php?rest_route=\/wp\/v2\/pages"}],"about":[{"href":"https:\/\/p4s.polsl.pl\/index.php?rest_route=\/wp\/v2\/types\/page"}],"author":[{"embeddable":true,"href":"https:\/\/p4s.polsl.pl\/index.php?rest_route=\/wp\/v2\/users\/1"}],"replies":[{"embeddable":true,"href":"https:\/\/p4s.polsl.pl\/index.php?rest_route=%2Fwp%2Fv2%2Fcomments&post=324"}],"version-history":[{"count":39,"href":"https:\/\/p4s.polsl.pl\/index.php?rest_route=\/wp\/v2\/pages\/324\/revisions"}],"predecessor-version":[{"id":1099,"href":"https:\/\/p4s.polsl.pl\/index.php?rest_route=\/wp\/v2\/pages\/324\/revisions\/1099"}],"wp:attachment":[{"href":"https:\/\/p4s.polsl.pl\/index.php?rest_route=%2Fwp%2Fv2%2Fmedia&parent=324"}],"curies":[{"name":"wp","href":"https:\/\/api.w.org\/{rel}","templated":true}]}}