{"id":2,"date":"2019-08-01T09:44:58","date_gmt":"2019-08-01T07:44:58","guid":{"rendered":"http:\/\/p4s.polsl.pl\/?page_id=2"},"modified":"2023-05-17T08:07:03","modified_gmt":"2023-05-17T06:07:03","slug":"przykladowa-strona","status":"publish","type":"page","link":"https:\/\/p4s.polsl.pl\/","title":{"rendered":"O projekcie"},"content":{"rendered":"\n<figure class=\"wp-block-image\"><img decoding=\"async\" loading=\"lazy\" width=\"1024\" height=\"188\" src=\"http:\/\/p4s.polsl.pl\/wp-content\/uploads\/2019\/08\/image-1024x188.png\" alt=\"\" class=\"wp-image-230\" srcset=\"https:\/\/p4s.polsl.pl\/wp-content\/uploads\/2019\/08\/image-1024x188.png 1024w, https:\/\/p4s.polsl.pl\/wp-content\/uploads\/2019\/08\/image-400x74.png 400w, https:\/\/p4s.polsl.pl\/wp-content\/uploads\/2019\/08\/image-768x141.png 768w, https:\/\/p4s.polsl.pl\/wp-content\/uploads\/2019\/08\/image.png 1121w\" sizes=\"(max-width: 1024px) 100vw, 1024px\" \/><\/figure>\n\n\n\n<p><\/p>\n\n\n\n<p>\u00a0<\/p>\n<h2><span style=\"background-color: #ffffff; color: #000080;\"><strong>Politechnika \u015al\u0105ska<\/strong><strong><br \/>realizuje projekt dofinansowany<br \/>z Funduszy Europejskich<br \/>&#8222;Politechnika \u015al\u0105ska nowoczesnym europejskim uniwersytetem technicznym&#8221;<\/strong><\/span><\/h2>\n<p>\u00a0<\/p>\n<p>\u00a0<\/p>\n<h3 style=\"text-align: justify;\">Celem projektu jest wdro\u017cenie kompleksowego programu doskonalenia procesu kszta\u0142cenia oraz zmian w\u00a0zakresie funkcjonowania Uczelni odpowiadaj\u0105cych koncepcji rozwoju szkolnictwa wy\u017cszego zapisanej w\u00a0Ustawie Prawo o szkolnictwie wy\u017cszym i nauce z dnia 20\u00a0lipca 2018 r.<\/h3>\n<p>\u00a0<\/p>\n<h3 style=\"text-align: justify;\"><strong>Dofinansowanie projektu z UE:<\/strong>\u00a0\u00a0\u00a0\u00a0 <strong>33 249 674,21 z\u0142<\/strong><\/h3>\n<p>\u00a0<\/p>\n\n\n\n<p><\/p>\n\n\n\n<figure class=\"wp-block-image\"><img decoding=\"async\" loading=\"lazy\" width=\"1024\" height=\"195\" src=\"http:\/\/p4s.polsl.pl\/wp-content\/uploads\/2019\/08\/image-1-1024x195.png\" alt=\"\" class=\"wp-image-231\" srcset=\"https:\/\/p4s.polsl.pl\/wp-content\/uploads\/2019\/08\/image-1-1024x195.png 1024w, https:\/\/p4s.polsl.pl\/wp-content\/uploads\/2019\/08\/image-1-400x76.png 400w, https:\/\/p4s.polsl.pl\/wp-content\/uploads\/2019\/08\/image-1-768x146.png 768w, https:\/\/p4s.polsl.pl\/wp-content\/uploads\/2019\/08\/image-1.png 1121w\" sizes=\"(max-width: 1024px) 100vw, 1024px\" \/><\/figure>\n","protected":false},"excerpt":{"rendered":"<p>\u00a0 Politechnika \u015al\u0105skarealizuje projekt dofinansowanyz Funduszy Europejskich&#8222;Politechnika \u015al\u0105ska nowoczesnym europejskim uniwersytetem technicznym&#8221; \u00a0 \u00a0 Celem projektu jest wdro\u017cenie kompleksowego programu doskonalenia procesu kszta\u0142cenia oraz zmian w\u00a0zakresie funkcjonowania Uczelni odpowiadaj\u0105cych koncepcji rozwoju szkolnictwa wy\u017cszego zapisanej w\u00a0Ustawie Prawo o szkolnictwie wy\u017cszym i &hellip; <a href=\"https:\/\/p4s.polsl.pl\/\">Czytaj dalej <span class=\"meta-nav\">&rarr;<\/span><\/a><\/p>\n","protected":false},"author":1,"featured_media":0,"parent":0,"menu_order":0,"comment_status":"closed","ping_status":"open","template":"","meta":[],"_links":{"self":[{"href":"https:\/\/p4s.polsl.pl\/index.php?rest_route=\/wp\/v2\/pages\/2"}],"collection":[{"href":"https:\/\/p4s.polsl.pl\/index.php?rest_route=\/wp\/v2\/pages"}],"about":[{"href":"https:\/\/p4s.polsl.pl\/index.php?rest_route=\/wp\/v2\/types\/page"}],"author":[{"embeddable":true,"href":"https:\/\/p4s.polsl.pl\/index.php?rest_route=\/wp\/v2\/users\/1"}],"replies":[{"embeddable":true,"href":"https:\/\/p4s.polsl.pl\/index.php?rest_route=%2Fwp%2Fv2%2Fcomments&post=2"}],"version-history":[{"count":31,"href":"https:\/\/p4s.polsl.pl\/index.php?rest_route=\/wp\/v2\/pages\/2\/revisions"}],"predecessor-version":[{"id":1280,"href":"https:\/\/p4s.polsl.pl\/index.php?rest_route=\/wp\/v2\/pages\/2\/revisions\/1280"}],"wp:attachment":[{"href":"https:\/\/p4s.polsl.pl\/index.php?rest_route=%2Fwp%2Fv2%2Fmedia&parent=2"}],"curies":[{"name":"wp","href":"https:\/\/api.w.org\/{rel}","templated":true}]}}