{"id":125,"date":"2019-08-13T17:21:44","date_gmt":"2019-08-13T15:21:44","guid":{"rendered":"http:\/\/p4s.polsl.pl\/?page_id=125"},"modified":"2020-06-16T11:38:08","modified_gmt":"2020-06-16T09:38:08","slug":"pracownik","status":"publish","type":"page","link":"https:\/\/p4s.polsl.pl\/?page_id=125","title":{"rendered":"Pracownik"},"content":{"rendered":"\n<figure class=\"wp-block-image\"><img decoding=\"async\" loading=\"lazy\" width=\"1024\" height=\"188\" src=\"http:\/\/p4s.polsl.pl\/wp-content\/uploads\/2019\/08\/image-16-1024x188.png\" alt=\"\" class=\"wp-image-282\" srcset=\"https:\/\/p4s.polsl.pl\/wp-content\/uploads\/2019\/08\/image-16-1024x188.png 1024w, https:\/\/p4s.polsl.pl\/wp-content\/uploads\/2019\/08\/image-16-400x74.png 400w, https:\/\/p4s.polsl.pl\/wp-content\/uploads\/2019\/08\/image-16-768x141.png 768w, https:\/\/p4s.polsl.pl\/wp-content\/uploads\/2019\/08\/image-16.png 1121w\" sizes=\"(max-width: 1024px) 100vw, 1024px\" \/><\/figure>\n\n\n\n<h1><a href=\"http:\/\/p4s.polsl.pl\/?page_id=127\"><span style=\"color: #000080;\"><strong>Szkolenia<\/strong><\/span><\/a><\/h1>\n<p style=\"text-align: justify;\">Wszyscy pracownicy Politechniki \u015al\u0105skiej zajmuj\u0105cy stanowiska kierownicze oraz administracyjne maj\u0105 mo\u017cliwo\u015b\u0107 uczestnictwa w programach szkoleniowych podnosz\u0105cych ich kompetencje. Projekt umo\u017cliwia uczestnictwo w czterech g\u0142\u00f3wnych obszarach szkoleniowych, dla kt\u00f3rych \u0142\u0105cznie przewidziano a\u017c 25 temat\u00f3w. <a href=\"http:\/\/p4s.polsl.pl\/?page_id=127\">Czytaj dalej&#8230;<\/a><\/p>\n<p>\u00a0<\/p>\n<h1><a href=\"http:\/\/p4s.polsl.pl\/?page_id=129\"><span style=\"color: #000080;\"><strong>Dokumenty realizacyjne<\/strong><\/span><\/a><\/h1>\n<p>\u00a0<\/p>\n<h1><span style=\"color: #000080;\"><strong><a style=\"color: #000080;\" href=\"http:\/\/p4s.polsl.pl\/?page_id=677\">Dokumenty rekrutacyjne<\/a><\/strong><\/span><\/h1>\n<p>\u00a0<\/p>\n<p>\u00a0<\/p>\n<p>\u00a0<\/p>\n<p>\u00a0<\/p>\n\n\n\n<figure class=\"wp-block-image\"><img decoding=\"async\" loading=\"lazy\" width=\"1024\" height=\"195\" src=\"http:\/\/p4s.polsl.pl\/wp-content\/uploads\/2019\/08\/image-17-1024x195.png\" alt=\"\" class=\"wp-image-283\" srcset=\"https:\/\/p4s.polsl.pl\/wp-content\/uploads\/2019\/08\/image-17-1024x195.png 1024w, https:\/\/p4s.polsl.pl\/wp-content\/uploads\/2019\/08\/image-17-400x76.png 400w, https:\/\/p4s.polsl.pl\/wp-content\/uploads\/2019\/08\/image-17-768x146.png 768w, https:\/\/p4s.polsl.pl\/wp-content\/uploads\/2019\/08\/image-17.png 1121w\" sizes=\"(max-width: 1024px) 100vw, 1024px\" \/><\/figure>\n","protected":false},"excerpt":{"rendered":"<p>Szkolenia Wszyscy pracownicy Politechniki \u015al\u0105skiej zajmuj\u0105cy stanowiska kierownicze oraz administracyjne maj\u0105 mo\u017cliwo\u015b\u0107 uczestnictwa w programach szkoleniowych podnosz\u0105cych ich kompetencje. Projekt umo\u017cliwia uczestnictwo w czterech g\u0142\u00f3wnych obszarach szkoleniowych, dla kt\u00f3rych \u0142\u0105cznie przewidziano a\u017c 25 temat\u00f3w. Czytaj dalej&#8230; \u00a0 Dokumenty realizacyjne \u00a0 &hellip; <a href=\"https:\/\/p4s.polsl.pl\/?page_id=125\">Czytaj dalej <span class=\"meta-nav\">&rarr;<\/span><\/a><\/p>\n","protected":false},"author":1,"featured_media":0,"parent":0,"menu_order":0,"comment_status":"closed","ping_status":"closed","template":"","meta":[],"_links":{"self":[{"href":"https:\/\/p4s.polsl.pl\/index.php?rest_route=\/wp\/v2\/pages\/125"}],"collection":[{"href":"https:\/\/p4s.polsl.pl\/index.php?rest_route=\/wp\/v2\/pages"}],"about":[{"href":"https:\/\/p4s.polsl.pl\/index.php?rest_route=\/wp\/v2\/types\/page"}],"author":[{"embeddable":true,"href":"https:\/\/p4s.polsl.pl\/index.php?rest_route=\/wp\/v2\/users\/1"}],"replies":[{"embeddable":true,"href":"https:\/\/p4s.polsl.pl\/index.php?rest_route=%2Fwp%2Fv2%2Fcomments&post=125"}],"version-history":[{"count":9,"href":"https:\/\/p4s.polsl.pl\/index.php?rest_route=\/wp\/v2\/pages\/125\/revisions"}],"predecessor-version":[{"id":717,"href":"https:\/\/p4s.polsl.pl\/index.php?rest_route=\/wp\/v2\/pages\/125\/revisions\/717"}],"wp:attachment":[{"href":"https:\/\/p4s.polsl.pl\/index.php?rest_route=%2Fwp%2Fv2%2Fmedia&parent=125"}],"curies":[{"name":"wp","href":"https:\/\/api.w.org\/{rel}","templated":true}]}}