{"id":121,"date":"2019-08-13T17:20:56","date_gmt":"2019-08-13T15:20:56","guid":{"rendered":"http:\/\/p4s.polsl.pl\/?page_id=121"},"modified":"2021-01-28T22:38:57","modified_gmt":"2021-01-28T21:38:57","slug":"materialy-on-line-d","status":"publish","type":"page","link":"https:\/\/p4s.polsl.pl\/?page_id=121","title":{"rendered":"Materia\u0142y dydaktyczne"},"content":{"rendered":"\n<p><\/p>\n\n\n\n<figure class=\"wp-block-image\"><img decoding=\"async\" src=\"http:\/\/p4s.polsl.pl\/wp-content\/uploads\/2019\/08\/image-28-1024x188.png\" alt=\"Obrazek posiada pusty atrybut alt; plik o nazwie image-28-1024x188.png\"\/><\/figure>\n\n\n\n<h3><span style=\"color: #ff6600;\"><strong>Materia\u0142y dydaktyczne w ramach Szko\u0142y Doktor\u00f3w:<\/strong><\/span><\/h3>\n<ul>\n<li><span style=\"color: #000000;\">Processing and statistical analysis of next-generation sequencing data<\/span><\/li>\n<li><span style=\"color: #000000;\">Trees as bioindicators of the environmental changes<\/span><\/li>\n<li><span style=\"color: #000000;\">Deep learning in computer vision<\/span><\/li>\n<li><span style=\"color: #000000;\">Machine learning methods for complex data analysis<\/span><\/li>\n<li><span style=\"color: #000000;\">Biomaterials and materials applied for medical devices<\/span><\/li>\n<li><span style=\"color: #000000;\">Certification of medical devices<\/span><\/li>\n<li><span style=\"color: #000000;\">Statistics in biomedicine<\/span><\/li>\n<li><span style=\"color: #000000;\">Controlling of intracellular processes<\/span><\/li>\n<li><span style=\"color: #000000;\">Mathematical models in epidemiology<\/span><\/li>\n<li><span style=\"color: #000000;\">Convolutional neural networks in medical image analysis<\/span><\/li>\n<li><span style=\"color: #000000;\">Human balance and postural stability in normal and sensory conflict conditions<\/span><\/li>\n<li><span style=\"color: #000000;\">Geochronology and Isotopic geochemistry in global environmental changes studies<\/span><\/li>\n<li><span style=\"color: #000000;\">Mass spectrometry in environmental research<\/span><\/li>\n<li><span style=\"color: #000000;\">GIS and spatial analysis<\/span><\/li>\n<li><span style=\"color: #000000;\">Mathematical modelling of heat transfer process in biological tissue with tumor<\/span><\/li>\n<li><span style=\"color: #000000;\">Welding technology with micro-jet cooling in Transport and Civil Engineering applications<\/span><\/li>\n<li><span style=\"color: #000000;\">Capture and recovery of energy &#8211; traffic and vehicles<\/span><\/li>\n<li><span style=\"color: #000000;\">Advanced research methods and modelling in means of transport<\/span><\/li>\n<li><span style=\"color: #000000;\">Traffic flow modeling in transport networks<\/span><\/li>\n<li><span style=\"color: #000000;\">Functional design of transport infrastructure<\/span><\/li>\n<li><span style=\"color: #000000;\">Exergy analysis in practice<\/span><\/li>\n<li><span style=\"color: #000000;\">Discriminant analysis of motion capture data<\/span><\/li>\n<li><span style=\"color: #000000;\">Acquisition and processing of motion capture data (part 1)<\/span><\/li>\n<li><span style=\"color: #000000;\">Regression models and feature selection<\/span><\/li>\n<\/ul>\n<p style=\"text-align: justify;\"><span style=\"color: #000080;\"><strong>Wszystkie osoby zainteresowane udost\u0119pnieniem materia\u0142\u00f3w dydaktycznych prosimy o kontakt z Biurem Projektu. <\/strong><\/span><\/p>\n\n\n\n<figure class=\"wp-block-image\"><img decoding=\"async\" src=\"http:\/\/p4s.polsl.pl\/wp-content\/uploads\/2019\/08\/image-29-1024x195.png\" alt=\"Obrazek posiada pusty atrybut alt; plik o nazwie image-29-1024x195.png\"\/><\/figure>\n\n\n\n<p><\/p>\n","protected":false},"excerpt":{"rendered":"<p>Materia\u0142y dydaktyczne w ramach Szko\u0142y Doktor\u00f3w: Processing and statistical analysis of next-generation sequencing data Trees as bioindicators of the environmental changes Deep learning in computer vision Machine learning methods for complex data analysis Biomaterials and materials applied for medical devices &hellip; <a href=\"https:\/\/p4s.polsl.pl\/?page_id=121\">Czytaj dalej <span class=\"meta-nav\">&rarr;<\/span><\/a><\/p>\n","protected":false},"author":1,"featured_media":0,"parent":0,"menu_order":0,"comment_status":"closed","ping_status":"closed","template":"","meta":[],"_links":{"self":[{"href":"https:\/\/p4s.polsl.pl\/index.php?rest_route=\/wp\/v2\/pages\/121"}],"collection":[{"href":"https:\/\/p4s.polsl.pl\/index.php?rest_route=\/wp\/v2\/pages"}],"about":[{"href":"https:\/\/p4s.polsl.pl\/index.php?rest_route=\/wp\/v2\/types\/page"}],"author":[{"embeddable":true,"href":"https:\/\/p4s.polsl.pl\/index.php?rest_route=\/wp\/v2\/users\/1"}],"replies":[{"embeddable":true,"href":"https:\/\/p4s.polsl.pl\/index.php?rest_route=%2Fwp%2Fv2%2Fcomments&post=121"}],"version-history":[{"count":16,"href":"https:\/\/p4s.polsl.pl\/index.php?rest_route=\/wp\/v2\/pages\/121\/revisions"}],"predecessor-version":[{"id":969,"href":"https:\/\/p4s.polsl.pl\/index.php?rest_route=\/wp\/v2\/pages\/121\/revisions\/969"}],"wp:attachment":[{"href":"https:\/\/p4s.polsl.pl\/index.php?rest_route=%2Fwp%2Fv2%2Fmedia&parent=121"}],"curies":[{"name":"wp","href":"https:\/\/api.w.org\/{rel}","templated":true}]}}