{"id":111,"date":"2019-08-13T17:17:49","date_gmt":"2019-08-13T15:17:49","guid":{"rendered":"http:\/\/p4s.polsl.pl\/?page_id=111"},"modified":"2019-10-08T18:40:25","modified_gmt":"2019-10-08T16:40:25","slug":"doktorant","status":"publish","type":"page","link":"https:\/\/p4s.polsl.pl\/?page_id=111","title":{"rendered":"Doktorant"},"content":{"rendered":"\n<figure class=\"wp-block-image\"><img decoding=\"async\" loading=\"lazy\" width=\"1024\" height=\"188\" src=\"http:\/\/p4s.polsl.pl\/wp-content\/uploads\/2019\/08\/image-26-1024x188.png\" alt=\"\" class=\"wp-image-301\" srcset=\"https:\/\/p4s.polsl.pl\/wp-content\/uploads\/2019\/08\/image-26-1024x188.png 1024w, https:\/\/p4s.polsl.pl\/wp-content\/uploads\/2019\/08\/image-26-400x74.png 400w, https:\/\/p4s.polsl.pl\/wp-content\/uploads\/2019\/08\/image-26-768x141.png 768w, https:\/\/p4s.polsl.pl\/wp-content\/uploads\/2019\/08\/image-26.png 1121w\" sizes=\"(max-width: 1024px) 100vw, 1024px\" \/><\/figure>\n\n\n\n<h1><a href=\"http:\/\/p4s.polsl.pl\/?page_id=113\"><span style=\"color: #000080;\"><strong>Szko\u0142a doktorska InterPOWER<\/strong><\/span><\/a><\/h1>\n<p style=\"text-align: justify;\">Realizacja nowego programu kszta\u0142cenia dla nowego naboru student\u00f3w szko\u0142y doktorskiej od 01.10.2019.Nowy program szko\u0142y doktorskiej jest profilem akademickim, interdyscyplinarnym, o zasi\u0119gu mi\u0119dzynarodowym, prowadzony w ramach Szko\u0142y Doktor\u00f3w. <a href=\"http:\/\/p4s.polsl.pl\/?page_id=113\">Czytaj dalej\u2026<\/a><\/p>\n<h1 style=\"text-align: left;\"><span style=\"color: #000080;\"><a style=\"color: #000080;\" href=\"http:\/\/p4s.polsl.pl\/?page_id=115\"><strong>Korzy\u015bci z\u00a0uczestnictwa w\u00a0dofinansowanej szkole doktorskiej POWER<\/strong><\/a><\/span><\/h1>\n<p style=\"text-align: justify;\">Program Szko\u0142y Doktor\u00f3w INTERPOWER pozwoli na wykszta\u0142cenie elitarnej grupy specjalist\u00f3w, ze stopniem doktora nauk technicznych, gotowych kompetentnie przyj\u0105\u0107 tw\u00f3rcz\u0105 rol\u0119 w procesie kszta\u0142towania technologii przysz\u0142o\u015bci i rozwoju opartego na rozwi\u0105zaniach inteligentnych, daj\u0105c szans\u0119 na przeniesienie wiedzy do zespo\u0142\u00f3w, kt\u00f3rymi w perspektywie mogliby kierowa\u0107 zar\u00f3wno w warunkach przemys\u0142owych, jak i w sferze nauki. <a href=\"http:\/\/p4s.polsl.pl\/?page_id=115\">Czytaj dalej\u2026<\/a><\/p>\n<p>\u00a0<\/p>\n<h1><span style=\"color: #000080;\"><strong><a style=\"color: #000080;\" href=\"http:\/\/p4s.polsl.pl\/?page_id=117\">Zaj\u0119cia z\u00a0wyk\u0142adowcami z\u00a0zagranicy<\/a><\/strong><\/span><\/h1>\n<p>\u00a0<\/p>\n<h1><span style=\"color: #000080;\"><strong><a style=\"color: #000080;\" href=\"http:\/\/p4s.polsl.pl\/?page_id=119\">P\u0142atne sta\u017ce krajowe i\u00a0zagraniczne<\/a><\/strong><\/span><\/h1>\n<h1>\u00a0<\/h1>\n<h1><span style=\"color: #000080;\"><strong><a style=\"color: #000080;\" href=\"http:\/\/p4s.polsl.pl\/?page_id=121\">Materia\u0142y on-line<\/a><\/strong><\/span><\/h1>\n<h1>\u00a0<\/h1>\n<h1><span style=\"color: #000080;\"><strong><a style=\"color: #000080;\" href=\"http:\/\/p4s.polsl.pl\/?page_id=123\">Dokumenty<\/a><\/strong><\/span><\/h1>\n<p>\u00a0<\/p>\n\n\n\n<figure class=\"wp-block-image\"><img decoding=\"async\" loading=\"lazy\" width=\"1024\" height=\"195\" src=\"http:\/\/p4s.polsl.pl\/wp-content\/uploads\/2019\/08\/image-27-1024x195.png\" alt=\"\" class=\"wp-image-302\" srcset=\"https:\/\/p4s.polsl.pl\/wp-content\/uploads\/2019\/08\/image-27-1024x195.png 1024w, https:\/\/p4s.polsl.pl\/wp-content\/uploads\/2019\/08\/image-27-400x76.png 400w, https:\/\/p4s.polsl.pl\/wp-content\/uploads\/2019\/08\/image-27-768x146.png 768w, https:\/\/p4s.polsl.pl\/wp-content\/uploads\/2019\/08\/image-27.png 1121w\" sizes=\"(max-width: 1024px) 100vw, 1024px\" \/><\/figure>\n","protected":false},"excerpt":{"rendered":"<p>Szko\u0142a doktorska InterPOWER Realizacja nowego programu kszta\u0142cenia dla nowego naboru student\u00f3w szko\u0142y doktorskiej od 01.10.2019.Nowy program szko\u0142y doktorskiej jest profilem akademickim, interdyscyplinarnym, o zasi\u0119gu mi\u0119dzynarodowym, prowadzony w ramach Szko\u0142y Doktor\u00f3w. Czytaj dalej\u2026 Korzy\u015bci z\u00a0uczestnictwa w\u00a0dofinansowanej szkole doktorskiej POWER Program Szko\u0142y &hellip; <a href=\"https:\/\/p4s.polsl.pl\/?page_id=111\">Czytaj dalej <span class=\"meta-nav\">&rarr;<\/span><\/a><\/p>\n","protected":false},"author":1,"featured_media":0,"parent":0,"menu_order":0,"comment_status":"closed","ping_status":"closed","template":"","meta":[],"_links":{"self":[{"href":"https:\/\/p4s.polsl.pl\/index.php?rest_route=\/wp\/v2\/pages\/111"}],"collection":[{"href":"https:\/\/p4s.polsl.pl\/index.php?rest_route=\/wp\/v2\/pages"}],"about":[{"href":"https:\/\/p4s.polsl.pl\/index.php?rest_route=\/wp\/v2\/types\/page"}],"author":[{"embeddable":true,"href":"https:\/\/p4s.polsl.pl\/index.php?rest_route=\/wp\/v2\/users\/1"}],"replies":[{"embeddable":true,"href":"https:\/\/p4s.polsl.pl\/index.php?rest_route=%2Fwp%2Fv2%2Fcomments&post=111"}],"version-history":[{"count":8,"href":"https:\/\/p4s.polsl.pl\/index.php?rest_route=\/wp\/v2\/pages\/111\/revisions"}],"predecessor-version":[{"id":546,"href":"https:\/\/p4s.polsl.pl\/index.php?rest_route=\/wp\/v2\/pages\/111\/revisions\/546"}],"wp:attachment":[{"href":"https:\/\/p4s.polsl.pl\/index.php?rest_route=%2Fwp%2Fv2%2Fmedia&parent=111"}],"curies":[{"name":"wp","href":"https:\/\/api.w.org\/{rel}","templated":true}]}}